{"id":269,"date":"2021-01-23T16:49:38","date_gmt":"2021-01-23T16:49:38","guid":{"rendered":"https:\/\/filtratuagua.es\/?page_id=269"},"modified":"2021-01-24T20:01:15","modified_gmt":"2021-01-24T20:01:15","slug":"jarras-filtradoras-de-agua","status":"publish","type":"page","link":"https:\/\/filtratuagua.es\/ca\/jarras-filtradoras-de-agua\/","title":{"rendered":"Gerres filtradores d'aigua"},"content":{"rendered":"<div data-elementor-type=\"wp-page\" data-elementor-id=\"269\" class=\"elementor elementor-269\" data-elementor-post-type=\"page\">\n\t\t\t\t\t\t<section class=\"elementor-section elementor-top-section elementor-element elementor-element-8bfe1f4 elementor-section-full_width elementor-section-height-min-height elementor-section-stretched elementor-section-height-default elementor-section-items-middle\" data-id=\"8bfe1f4\" data-element_type=\"section\" data-e-type=\"section\" data-settings=\"{&quot;stretch_section&quot;:&quot;section-stretched&quot;,&quot;background_background&quot;:&quot;classic&quot;,&quot;shape_divider_bottom&quot;:&quot;mountains&quot;}\">\n\t\t\t\t\t<div class=\"elementor-shape elementor-shape-bottom\" aria-hidden=\"true\" data-negative=\"false\">\n\t\t\t<svg xmlns=\"http:\/\/www.w3.org\/2000\/svg\" viewbox=\"0 0 1000 100\" preserveaspectratio=\"none\">\n\t<path class=\"elementor-shape-fill\" opacity=\"0.33\" d=\"M473,67.3c-203.9,88.3-263.1-34-320.3,0C66,119.1,0,59.7,0,59.7V0h1000v59.7 c0,0-62.1,26.1-94.9,29.3c-32.8,3.3-62.8-12.3-75.8-22.1C806,49.6,745.3,8.7,694.9,4.7S492.4,59,473,67.3z\"\/>\n\t<path class=\"elementor-shape-fill\" opacity=\"0.66\" d=\"M734,67.3c-45.5,0-77.2-23.2-129.1-39.1c-28.6-8.7-150.3-10.1-254,39.1 s-91.7-34.4-149.2,0C115.7,118.3,0,39.8,0,39.8V0h1000v36.5c0,0-28.2-18.5-92.1-18.5C810.2,18.1,775.7,67.3,734,67.3z\"\/>\n\t<path class=\"elementor-shape-fill\" d=\"M766.1,28.9c-200-57.5-266,65.5-395.1,19.5C242,1.8,242,5.4,184.8,20.6C128,35.8,132.3,44.9,89.9,52.5C28.6,63.7,0,0,0,0 h1000c0,0-9.9,40.9-83.6,48.1S829.6,47,766.1,28.9z\"\/>\n<\/svg>\t\t<\/div>\n\t\t\t\t\t<div class=\"elementor-container elementor-column-gap-no\">\n\t\t\t\t\t<div class=\"elementor-column elementor-col-100 elementor-top-column elementor-element elementor-element-e6e3d04\" data-id=\"e6e3d04\" data-element_type=\"column\" data-e-type=\"column\">\n\t\t\t<div class=\"elementor-widget-wrap\">\n\t\t\t\t\t\t\t<\/div>\n\t\t<\/div>\n\t\t\t\t\t<\/div>\n\t\t<\/section>\n\t\t\t\t<section class=\"elementor-section elementor-top-section elementor-element elementor-element-d41c240 elementor-section-full_width elementor-section-height-default elementor-section-height-default\" data-id=\"d41c240\" data-element_type=\"section\" data-e-type=\"section\">\n\t\t\t\t\t\t<div class=\"elementor-container elementor-column-gap-default\">\n\t\t\t\t\t<div class=\"elementor-column elementor-col-100 elementor-top-column elementor-element elementor-element-92289d6\" data-id=\"92289d6\" data-element_type=\"column\" data-e-type=\"column\">\n\t\t\t<div class=\"elementor-widget-wrap elementor-element-populated\">\n\t\t\t\t\t\t<div class=\"elementor-element elementor-element-b6a6294 elementor-widget elementor-widget-text-editor\" data-id=\"b6a6294\" data-element_type=\"widget\" data-e-type=\"widget\" data-widget_type=\"text-editor.default\">\n\t\t\t\t<div class=\"elementor-widget-container\">\n\t\t\t\t\t\t\t\t\t<p>La majoria de les gerres filtradores d'aigua s\u00f3n recipients amb filtres integrats purificadors (que s'han de reempla\u00e7ar, segons la freq\u00fc\u00e8ncia d'\u00fas i la capacitat de l'env\u00e0s). Algunes depenen del carb\u00f3 actiu per a la seva purificaci\u00f3, mentre que altres s\u00f3n dispositius d'alta tecnologia que venen amb el seu propi mesurador de TDS.<\/p><p>Per exemple, l'aigua ideal, almenys per al caf\u00e8, ha de tenir un TDS de 80-200, un pH de 6-7 (lleugerament \u00e0cid o neutre), no massa bicarbonat ni clor. Si vols saber qu\u00e8 \u00e9s el TDS, t'ho expliquem a continuaci\u00f3, continua llegint.<\/p><p>Pots fer una ullada a la nostra selecci\u00f3 de les millors gerres filtradores d'aigua del mercat. Destaquen per la seva relaci\u00f3 qualitat preu.<\/p>\t\t\t\t\t\t\t\t<\/div>\n\t\t\t\t<\/div>\n\t\t\t\t\t<\/div>\n\t\t<\/div>\n\t\t\t\t\t<\/div>\n\t\t<\/section>\n\t\t\t\t<section class=\"elementor-section elementor-top-section elementor-element elementor-element-fafbdba elementor-section-boxed elementor-section-height-default elementor-section-height-default\" data-id=\"fafbdba\" data-element_type=\"section\" data-e-type=\"section\">\n\t\t\t\t\t\t<div class=\"elementor-container elementor-column-gap-default\">\n\t\t\t\t\t<div class=\"elementor-column elementor-col-100 elementor-top-column elementor-element elementor-element-163ca20\" data-id=\"163ca20\" data-element_type=\"column\" data-e-type=\"column\">\n\t\t\t<div class=\"elementor-widget-wrap elementor-element-populated\">\n\t\t\t\t\t\t<div class=\"elementor-element elementor-element-1e5567b elementor-widget elementor-widget-heading\" data-id=\"1e5567b\" data-element_type=\"widget\" data-e-type=\"widget\" data-widget_type=\"heading.default\">\n\t\t\t\t<div class=\"elementor-widget-container\">\n\t\t\t\t\t<h2 class=\"elementor-heading-title elementor-size-default\">Cat\u00e0leg de Gerres filtradores d'aigua al millor preu:<\/h2>\t\t\t\t<\/div>\n\t\t\t\t<\/div>\n\t\t\t\t\t<\/div>\n\t\t<\/div>\n\t\t\t\t\t<\/div>\n\t\t<\/section>\n\t\t\t\t<section class=\"elementor-section elementor-top-section elementor-element elementor-element-c4e1303 elementor-section-boxed elementor-section-height-default elementor-section-height-default\" data-id=\"c4e1303\" data-element_type=\"section\" data-e-type=\"section\">\n\t\t\t\t\t\t<div class=\"elementor-container elementor-column-gap-default\">\n\t\t\t\t\t<div class=\"elementor-column elementor-col-100 elementor-top-column elementor-element elementor-element-bab26a5\" data-id=\"bab26a5\" data-element_type=\"column\" data-e-type=\"column\">\n\t\t\t<div class=\"elementor-widget-wrap elementor-element-populated\">\n\t\t\t\t\t\t<div class=\"elementor-element elementor-element-96e8bb6 elementor-widget elementor-widget-shortcode\" data-id=\"96e8bb6\" data-element_type=\"widget\" data-e-type=\"widget\" data-widget_type=\"shortcode.default\">\n\t\t\t\t<div class=\"elementor-widget-container\">\n\t\t\t\t\t\t\t<div class=\"elementor-shortcode\"><div class=\"facetwp-template\" data-name=\"productos_jarras\"><div class=\"parrilla\">\n<\/div><\/div><\/div>\n\t\t\t\t\t\t<\/div>\n\t\t\t\t<\/div>\n\t\t\t\t\t<\/div>\n\t\t<\/div>\n\t\t\t\t\t<\/div>\n\t\t<\/section>\n\t\t\t\t<section class=\"elementor-section elementor-top-section elementor-element elementor-element-09906fe elementor-section-boxed elementor-section-height-default elementor-section-height-default\" data-id=\"09906fe\" data-element_type=\"section\" data-e-type=\"section\">\n\t\t\t\t\t\t<div class=\"elementor-container elementor-column-gap-default\">\n\t\t\t\t\t<div class=\"elementor-column elementor-col-100 elementor-top-column elementor-element elementor-element-c47d86c\" data-id=\"c47d86c\" data-element_type=\"column\" data-e-type=\"column\">\n\t\t\t<div class=\"elementor-widget-wrap elementor-element-populated\">\n\t\t\t\t\t\t<div class=\"elementor-element elementor-element-9938eaa elementor-widget elementor-widget-heading\" data-id=\"9938eaa\" data-element_type=\"widget\" data-e-type=\"widget\" data-widget_type=\"heading.default\">\n\t\t\t\t<div class=\"elementor-widget-container\">\n\t\t\t\t\t<h2 class=\"elementor-heading-title elementor-size-default\">Qu\u00e8 \u00e9s el TDS?<\/h2>\t\t\t\t<\/div>\n\t\t\t\t<\/div>\n\t\t\t\t<div class=\"elementor-element elementor-element-fa9f173 elementor-widget elementor-widget-text-editor\" data-id=\"fa9f173\" data-element_type=\"widget\" data-e-type=\"widget\" data-widget_type=\"text-editor.default\">\n\t\t\t\t<div class=\"elementor-widget-container\">\n\t\t\t\t\t\t\t\t\tTDS \u00e9s l'abreviatura en angl\u00e8s de \"Total Dissolved Solids\", en catal\u00e0, \"Total de S\u00f2lids Dissolts\" i el que ofereixen les dades de TDS \u00e9s mesurar la concentraci\u00f3 de residus s\u00f2lids dissolts en un percentatge d'aigua.\n\nEls TDS es componen de sals inorg\u00e0niques. Les sals inorg\u00e0niques comunes presents a l'aigua s\u00f3n minerals com el magnesi, sodi, calci, potassi&#8230;\t\t\t\t\t\t\t\t<\/div>\n\t\t\t\t<\/div>\n\t\t\t\t<div class=\"elementor-element elementor-element-b55b7d5 elementor-widget elementor-widget-heading\" data-id=\"b55b7d5\" data-element_type=\"widget\" data-e-type=\"widget\" data-widget_type=\"heading.default\">\n\t\t\t\t<div class=\"elementor-widget-container\">\n\t\t\t\t\t<h2 class=\"elementor-heading-title elementor-size-default\">Les gerres filtradores d'aigua aconsegueixen al voltant d'un 85% menys de clor i de plom.<\/h2>\t\t\t\t<\/div>\n\t\t\t\t<\/div>\n\t\t\t\t<div class=\"elementor-element elementor-element-60d92ff elementor-widget elementor-widget-text-editor\" data-id=\"60d92ff\" data-element_type=\"widget\" data-e-type=\"widget\" data-widget_type=\"text-editor.default\">\n\t\t\t\t<div class=\"elementor-widget-container\">\n\t\t\t\t\t\t\t\t\t<p>Segons un estudi realitzat pel departament de Nutrici\u00f3 i Bromatologia de la Facultat de Farm\u00e0cia de Barcelona, els\u00a0<strong>filtres de les gerres purificadores d'aigua<\/strong>\u00a0poden arribar a\u00a0<strong>reduir al voltant d'un 85% els nivells de plom i clor de l'aigua<\/strong>. En el cas de l'alumini i el coure, la reducci\u00f3 pot ser fins i tot m\u00e9s gran. Les an\u00e0lisis de les mostres d'aigua que han realitzat en aquest estudi han demostrat que <strong>l'\u00fas de filtres \u00e9s efectiu en la reducci\u00f3 de l'olor a clor, sal i terra o floridura<\/strong>.<\/p>\t\t\t\t\t\t\t\t<\/div>\n\t\t\t\t<\/div>\n\t\t\t\t\t<\/div>\n\t\t<\/div>\n\t\t\t\t\t<\/div>\n\t\t<\/section>\n\t\t\t\t<section class=\"elementor-section elementor-top-section elementor-element elementor-element-b8dade7 oferta elementor-section-boxed elementor-section-height-default elementor-section-height-default\" data-id=\"b8dade7\" data-element_type=\"section\" data-e-type=\"section\">\n\t\t\t\t\t\t<div class=\"elementor-container elementor-column-gap-default\">\n\t\t\t\t\t<div class=\"elementor-column elementor-col-100 elementor-top-column elementor-element elementor-element-97e2c4c\" data-id=\"97e2c4c\" data-element_type=\"column\" data-e-type=\"column\">\n\t\t\t<div class=\"elementor-widget-wrap elementor-element-populated\">\n\t\t\t\t\t\t<div class=\"elementor-element elementor-element-11dd6a6 elementor-widget elementor-widget-heading\" data-id=\"11dd6a6\" data-element_type=\"widget\" data-e-type=\"widget\" data-widget_type=\"heading.default\">\n\t\t\t\t<div class=\"elementor-widget-container\">\n\t\t\t\t\t<h2 class=\"elementor-heading-title elementor-size-default\">MILLOR OFERTA!<\/h2>\t\t\t\t<\/div>\n\t\t\t\t<\/div>\n\t\t\t\t<section class=\"elementor-section elementor-inner-section elementor-element elementor-element-5d25166 elementor-section-boxed elementor-section-height-default elementor-section-height-default\" data-id=\"5d25166\" data-element_type=\"section\" data-e-type=\"section\">\n\t\t\t\t\t\t<div class=\"elementor-container elementor-column-gap-default\">\n\t\t\t\t\t<div class=\"elementor-column elementor-col-50 elementor-inner-column elementor-element elementor-element-839c23f\" data-id=\"839c23f\" data-element_type=\"column\" data-e-type=\"column\">\n\t\t\t<div class=\"elementor-widget-wrap elementor-element-populated\">\n\t\t\t\t\t\t<div class=\"elementor-element elementor-element-012b29b elementor-widget elementor-widget-image\" data-id=\"012b29b\" data-element_type=\"widget\" data-e-type=\"widget\" data-widget_type=\"image.default\">\n\t\t\t\t<div class=\"elementor-widget-container\">\n\t\t\t\t\t\t\t\t\t\t\t\t\t\t\t\t<a href=\"https:\/\/amzn.to\/2Mkn928\" rel=\"nofollow noopener\" target=\"_blank\">\n\t\t\t\t\t\t\t<img fetchpriority=\"high\" decoding=\"async\" width=\"580\" height=\"492\" src=\"https:\/\/filtratuagua.es\/wp-content\/uploads\/2021\/01\/Pack-12-cartuchos-Jarra-de-agua-filtrada-Brita.png\" class=\"attachment-large size-large wp-image-302\" alt=\"Pack 12 cartuchos Jarra filtradora de agua Brita\" srcset=\"https:\/\/filtratuagua.es\/wp-content\/uploads\/2021\/01\/Pack-12-cartuchos-Jarra-de-agua-filtrada-Brita.png 580w, https:\/\/filtratuagua.es\/wp-content\/uploads\/2021\/01\/Pack-12-cartuchos-Jarra-de-agua-filtrada-Brita-300x254.png 300w\" sizes=\"(max-width: 580px) 100vw, 580px\" \/>\t\t\t\t\t\t\t\t<\/a>\n\t\t\t\t\t\t\t\t\t\t\t\t\t\t\t<\/div>\n\t\t\t\t<\/div>\n\t\t\t\t<div class=\"elementor-element elementor-element-1caef2e elementor-widget elementor-widget-text-editor\" data-id=\"1caef2e\" data-element_type=\"widget\" data-e-type=\"widget\" data-widget_type=\"text-editor.default\">\n\t\t\t\t<div class=\"elementor-widget-container\">\n\t\t\t\t\t\t\t\t\t<p><a href=\"https:\/\/amzn.to\/2Mkn928\" rel=\"nofollow noopener\" target=\"_blank\">60,90\u20ac<\/a><\/p>\t\t\t\t\t\t\t\t<\/div>\n\t\t\t\t<\/div>\n\t\t\t\t\t<\/div>\n\t\t<\/div>\n\t\t\t\t<div class=\"elementor-column elementor-col-50 elementor-inner-column elementor-element elementor-element-21e2280\" data-id=\"21e2280\" data-element_type=\"column\" data-e-type=\"column\">\n\t\t\t<div class=\"elementor-widget-wrap elementor-element-populated\">\n\t\t\t\t\t\t<div class=\"elementor-element elementor-element-13c1ac2 elementor-widget elementor-widget-heading\" data-id=\"13c1ac2\" data-element_type=\"widget\" data-e-type=\"widget\" data-widget_type=\"heading.default\">\n\t\t\t\t<div class=\"elementor-widget-container\">\n\t\t\t\t\t<h3 class=\"elementor-heading-title elementor-size-default\">Brita Marella PACK ESTALVI amb 12 cartutxos<\/h3>\t\t\t\t<\/div>\n\t\t\t\t<\/div>\n\t\t\t\t<div class=\"elementor-element elementor-element-d235dc0 elementor-widget elementor-widget-text-editor\" data-id=\"d235dc0\" data-element_type=\"widget\" data-e-type=\"widget\" data-widget_type=\"text-editor.default\">\n\t\t\t\t<div class=\"elementor-widget-container\">\n\t\t\t\t\t\t\t\t\t<ul><li>El filtre Maxtra+ purifica l'aigua eliminant la majoria de metalls pesants afegits per les canonades dom\u00e8stiques oferint un millor sabor i olor.<\/li><li>Capacitat total d'aigua filtrada: 1.4L<\/li><li>Mides de la gerra: 26,0 x 9,0 x 25,0 cm<\/li><li>Els 12 cartutxos filtradors d'aigua ofereixen m\u00e9s de 1.000 litres d'aigua filtrada i fins a 1 any depenent del seu consum.<\/li><li>Tots els materials de la gerra que estan en contacte amb l'aigua estan lliures de Bisfenol A (BPA)<\/li><li>Color del cartutx: blanc, color de la gerra: blanc<\/li><\/ul>\t\t\t\t\t\t\t\t<\/div>\n\t\t\t\t<\/div>\n\t\t\t\t<div class=\"elementor-element elementor-element-116092b elementor-widget elementor-widget-button\" data-id=\"116092b\" data-element_type=\"widget\" data-e-type=\"widget\" data-widget_type=\"button.default\">\n\t\t\t\t<div class=\"elementor-widget-container\">\n\t\t\t\t\t\t\t\t\t<div class=\"elementor-button-wrapper\">\n\t\t\t\t\t<a class=\"elementor-button elementor-button-link elementor-size-sm\" href=\"https:\/\/amzn.to\/2Mkn928\" rel=\"nofollow noopener\" target=\"_blank\">\n\t\t\t\t\t\t<span class=\"elementor-button-content-wrapper\">\n\t\t\t\t\t\t<span class=\"elementor-button-icon\">\n\t\t\t\t<i aria-hidden=\"true\" class=\"fab fa-amazon\"><\/i>\t\t\t<\/span>\n\t\t\t\t\t\t\t\t\t<span class=\"elementor-button-text\">Veure producte<\/span>\n\t\t\t\t\t<\/span>\n\t\t\t\t\t<\/a>\n\t\t\t\t<\/div>\n\t\t\t\t\t\t\t\t<\/div>\n\t\t\t\t<\/div>\n\t\t\t\t\t<\/div>\n\t\t<\/div>\n\t\t\t\t\t<\/div>\n\t\t<\/section>\n\t\t\t\t\t<\/div>\n\t\t<\/div>\n\t\t\t\t\t<\/div>\n\t\t<\/section>\n\t\t\t\t<section class=\"elementor-section elementor-top-section elementor-element elementor-element-55f828a elementor-section-boxed elementor-section-height-default elementor-section-height-default\" data-id=\"55f828a\" data-element_type=\"section\" data-e-type=\"section\">\n\t\t\t\t\t\t<div class=\"elementor-container elementor-column-gap-default\">\n\t\t\t\t\t<div class=\"elementor-column elementor-col-100 elementor-top-column elementor-element elementor-element-d4b7c35\" data-id=\"d4b7c35\" data-element_type=\"column\" data-e-type=\"column\">\n\t\t\t<div class=\"elementor-widget-wrap elementor-element-populated\">\n\t\t\t\t\t\t<div class=\"elementor-element elementor-element-79b08a5 elementor-widget elementor-widget-heading\" data-id=\"79b08a5\" data-element_type=\"widget\" data-e-type=\"widget\" data-widget_type=\"heading.default\">\n\t\t\t\t<div class=\"elementor-widget-container\">\n\t\t\t\t\t<h2 class=\"elementor-heading-title elementor-size-default\">Et mostrem els avantatges d'obtenir una Gerra filtradora d'aigua, tamb\u00e9 anomenades gerres purificadores d'aigua.<\/h2>\t\t\t\t<\/div>\n\t\t\t\t<\/div>\n\t\t\t\t\t<\/div>\n\t\t<\/div>\n\t\t\t\t\t<\/div>\n\t\t<\/section>\n\t\t\t\t<section class=\"elementor-section elementor-top-section elementor-element elementor-element-49ca536 elementor-section-boxed elementor-section-height-default elementor-section-height-default\" data-id=\"49ca536\" data-element_type=\"section\" data-e-type=\"section\">\n\t\t\t\t\t\t<div class=\"elementor-container elementor-column-gap-default\">\n\t\t\t\t\t<div class=\"elementor-column elementor-col-50 elementor-top-column elementor-element elementor-element-fa032ea\" data-id=\"fa032ea\" data-element_type=\"column\" data-e-type=\"column\">\n\t\t\t<div class=\"elementor-widget-wrap elementor-element-populated\">\n\t\t\t\t\t\t<div class=\"elementor-element elementor-element-302412c elementor-widget elementor-widget-text-editor\" data-id=\"302412c\" data-element_type=\"widget\" data-e-type=\"widget\" data-widget_type=\"text-editor.default\">\n\t\t\t\t<div class=\"elementor-widget-container\">\n\t\t\t\t\t\t\t\t\t<ul><li><strong>BAIX COST DE COMPRA<\/strong><br \/><p>Un dels principals avantatges de les gerres purificadores d'aigua \u00e9s el seu baix preu d'entrada; en la majoria dels casos solen ser molt m\u00e9s econ\u00f2miques que tenir sistemes de filtraci\u00f3 d'aigua com l'Osmosi o els filtres d'aigua per a aixetes.<br \/><br \/>Depenent de la marca de la gerra filtradora d'aigua, els preus oscil\u00b7len entre els 15\u20ac i els 50\u20ac. Sovint solen oferir packs d'oferta amb la gerra d'aigua i els seus filtres de recanvi, amb la qual cosa poden arribar a oferir-li una durada sense haver de comprar recanvis de fins a 12 mesos.<\/p><\/li><li><strong>EFIC\u00c0CIA EN LA FILTRACI\u00d3 DE L'AIGUA<br \/><\/strong>Avui dia les gerres amb filtre d'aigua tenen una efic\u00e0cia contrastada i ajuden a eliminar els metalls pesants que pot contenir l'aigua que arriba per les canonades del seu municipi o ve\u00efnat. Filtren contaminants com el clor, sulfur d'hidrogen, magnesi entre d'altres, que encara que en quantitats molt baixes no solen ser nocius, s\u00ed que donen mal sabor a l'aigua.<br \/><br \/><\/li><li><p><strong>F\u00c0CIL D'UTILITZAR<\/strong><br \/>Poques coses s\u00f3n m\u00e9s senzilles que una gerra d'aigua, que es pot omplir c\u00f2modament amb l'aigua d'una aixeta i cada poc temps (2 o 3 mesos, depenent de la freq\u00fc\u00e8ncia d'\u00fas) canviar el filtre en menys d'1 minut.<br \/>Aquesta sol ser la principal ra\u00f3 per la qual moltes persones utilitzen aquesta manera d'obtenir l'aigua filtrada per davant d'una osmosi inversa o filtres sota l'aig\u00fcera.<\/p><\/li><li><p><strong>F\u00c0CIL PORTABILITAT<\/strong><br \/>Tenir l'opci\u00f3 de poder portar l'aigua filtrada quan viatges en lloc de l'aigua embotellada ajuda al medi ambient, menys pl\u00e0stic i pots arribar a qualsevol lloc i filtrar l'aigua de l'aixeta perqu\u00e8 tingui bon sabor. Les gerres filtradores d'aigua solen pesar entre 0.8KG i 1 KG, de manera que no \u00e9s molt cost\u00f3s poder-la portar d'un lloc a un altre i tenir la seguretat que l'aigua que beur\u00e0s estar\u00e0 filtrada i ser\u00e0 saludable.<\/p><\/li><\/ul>\t\t\t\t\t\t\t\t<\/div>\n\t\t\t\t<\/div>\n\t\t\t\t\t<\/div>\n\t\t<\/div>\n\t\t\t\t<div class=\"elementor-column elementor-col-50 elementor-top-column elementor-element elementor-element-eccfc2b\" data-id=\"eccfc2b\" data-element_type=\"column\" data-e-type=\"column\">\n\t\t\t<div class=\"elementor-widget-wrap elementor-element-populated\">\n\t\t\t\t\t\t<div class=\"elementor-element elementor-element-71fd684 elementor-widget elementor-widget-image\" data-id=\"71fd684\" data-element_type=\"widget\" data-e-type=\"widget\" data-widget_type=\"image.default\">\n\t\t\t\t<div class=\"elementor-widget-container\">\n\t\t\t\t\t\t\t\t\t\t\t\t\t\t\t<img decoding=\"async\" width=\"683\" height=\"1024\" data-src=\"https:\/\/filtratuagua.es\/wp-content\/uploads\/2021\/01\/copa-de-agua-683x1024.jpg\" class=\"attachment-large size-large wp-image-316 lazyload\" alt=\"\" data-srcset=\"https:\/\/filtratuagua.es\/wp-content\/uploads\/2021\/01\/copa-de-agua-683x1024.jpg 683w, https:\/\/filtratuagua.es\/wp-content\/uploads\/2021\/01\/copa-de-agua-scaled-655x983.jpg 655w, https:\/\/filtratuagua.es\/wp-content\/uploads\/2021\/01\/copa-de-agua-200x300.jpg 200w, https:\/\/filtratuagua.es\/wp-content\/uploads\/2021\/01\/copa-de-agua-768x1152.jpg 768w, https:\/\/filtratuagua.es\/wp-content\/uploads\/2021\/01\/copa-de-agua-1024x1536.jpg 1024w, https:\/\/filtratuagua.es\/wp-content\/uploads\/2021\/01\/copa-de-agua-1365x2048.jpg 1365w, https:\/\/filtratuagua.es\/wp-content\/uploads\/2021\/01\/copa-de-agua-scaled.jpg 1706w\" data-sizes=\"(max-width: 683px) 100vw, 683px\" src=\"data:image\/svg+xml;base64,PHN2ZyB3aWR0aD0iMSIgaGVpZ2h0PSIxIiB4bWxucz0iaHR0cDovL3d3dy53My5vcmcvMjAwMC9zdmciPjwvc3ZnPg==\" style=\"--smush-placeholder-width: 683px; --smush-placeholder-aspect-ratio: 683\/1024;\" \/>\t\t\t\t\t\t\t\t\t\t\t\t\t\t\t<\/div>\n\t\t\t\t<\/div>\n\t\t\t\t\t<\/div>\n\t\t<\/div>\n\t\t\t\t\t<\/div>\n\t\t<\/section>\n\t\t\t\t<\/div>","protected":false},"excerpt":{"rendered":"<p>La mayor\u00eda de las jarras filtradoras de agua son recipientes con filtros integrados purificadores (que deben reemplazarse, seg\u00fan la frecuencia de uso y la capacidad del envase). Algunos dependen del carb\u00f3n activo para su purificaci\u00f3n, mientras que otros son dispositivos de alta tecnolog\u00eda que vienen con su propio medidor de TDS. Por ejemplo, el agua [&hellip;]<\/p>","protected":false},"author":1,"featured_media":0,"parent":0,"menu_order":0,"comment_status":"closed","ping_status":"open","template":"","meta":{"_acf_changed":false,"footnotes":""},"class_list":["post-269","page","type-page","status-publish","hentry"],"acf":[],"_links":{"self":[{"href":"https:\/\/filtratuagua.es\/ca\/wp-json\/wp\/v2\/pages\/269","targetHints":{"allow":["GET"]}}],"collection":[{"href":"https:\/\/filtratuagua.es\/ca\/wp-json\/wp\/v2\/pages"}],"about":[{"href":"https:\/\/filtratuagua.es\/ca\/wp-json\/wp\/v2\/types\/page"}],"author":[{"embeddable":true,"href":"https:\/\/filtratuagua.es\/ca\/wp-json\/wp\/v2\/users\/1"}],"replies":[{"embeddable":true,"href":"https:\/\/filtratuagua.es\/ca\/wp-json\/wp\/v2\/comments?post=269"}],"version-history":[{"count":0,"href":"https:\/\/filtratuagua.es\/ca\/wp-json\/wp\/v2\/pages\/269\/revisions"}],"wp:attachment":[{"href":"https:\/\/filtratuagua.es\/ca\/wp-json\/wp\/v2\/media?parent=269"}],"curies":[{"name":"wp","href":"https:\/\/api.w.org\/{rel}","templated":true}]}}