{"id":365,"date":"2021-01-24T17:18:56","date_gmt":"2021-01-24T17:18:56","guid":{"rendered":"https:\/\/filtratuagua.es\/?page_id=365"},"modified":"2025-07-27T15:49:44","modified_gmt":"2025-07-27T13:49:44","slug":"aviso-legal","status":"publish","type":"page","link":"https:\/\/filtratuagua.es\/ca\/aviso-legal\/","title":{"rendered":"Av\u00eds legal"},"content":{"rendered":"<div data-elementor-type=\"wp-page\" data-elementor-id=\"365\" class=\"elementor elementor-365\" data-elementor-post-type=\"page\">\n\t\t\t\t\t\t<section class=\"elementor-section elementor-top-section elementor-element elementor-element-a1023fa elementor-section-boxed elementor-section-height-default elementor-section-height-default\" data-id=\"a1023fa\" data-element_type=\"section\" data-e-type=\"section\">\n\t\t\t\t\t\t<div class=\"elementor-container elementor-column-gap-default\">\n\t\t\t\t\t<div class=\"elementor-column elementor-col-100 elementor-top-column elementor-element elementor-element-1b3a688\" data-id=\"1b3a688\" data-element_type=\"column\" data-e-type=\"column\">\n\t\t\t<div class=\"elementor-widget-wrap elementor-element-populated\">\n\t\t\t\t\t\t<div class=\"elementor-element elementor-element-f9a9a9c elementor-widget elementor-widget-text-editor\" data-id=\"f9a9a9c\" data-element_type=\"widget\" data-e-type=\"widget\" data-widget_type=\"text-editor.default\">\n\t\t\t\t<div class=\"elementor-widget-container\">\n\t\t\t\t\t\t\t\t\t<p><b>AV\u00cdS LEGAL<\/b><\/p><p>Aquest Av\u00eds Legal t\u00e9 l'objectiu d'informar-te dels teus drets i obligacions com a usuari d'aquest lloc web. Aqu\u00ed trobar\u00e0s tota la informaci\u00f3 que necessites sobre aquest lloc web, la seva activitat, les dades personals que recull i la seva finalitat, aix\u00ed com les normes d'\u00fas que regulen l'\u00fas d'aquesta web.<\/p><p>En el moment en qu\u00e8 accedeixis a aquest lloc web\u00a0<a href=\"https:\/\/filtratuagua.es\/ca\/\"><strong>https:\/\/filtratuagua.es<\/strong><\/a><b>,<\/b> assumeixes la condici\u00f3 d'usuari, per la qual cosa el contingut d'aquest Av\u00eds Legal t'afecta directament. Per aix\u00f2, \u00e9s important que el llegeixis per dissipar qualsevol dubte que puguis tenir i tenir coneixement de causa sobre les condicions que est\u00e0s acceptant.<\/p><p>Per comen\u00e7ar, has de saber que aquest lloc web compleix amb les normatives vigents en mat\u00e8ria de protecci\u00f3 de dades, amb l'objectiu d'aportar-te les garanties, la seguretat i la transpar\u00e8ncia que, com a usuari, et corresponen, a l'hora d'utilitzar aquest lloc web.<\/p><p>El\u00a0<b>RGPD\u00a0<\/b>(<b>Reglament (UE) 2016\/679 del Parlament Europeu i del Consell de 27 d'abril de 2016 relatiu a la protecci\u00f3 de les persones f\u00edsiques<\/b>) que \u00e9s la nova normativa de la Uni\u00f3 Europea que unifica la regulaci\u00f3 del tractament de les dades personals als diferents pa\u00efsos de la UE.<\/p><p>La\u00a0<b>LOPD<\/b>\u00a0(<b>Llei Org\u00e0nica 15\/1999, de 13 de desembre, de Protecci\u00f3 de Dades de Car\u00e0cter Personal<\/b>\u00a0y\u00a0<b>Reial decret 1720\/2007, de 21 de desembre, el Reglament de desenvolupament de la LOPD<\/b>) que regula el tractament de les dades personals i les obligacions que hem d'assumir els responsables d'una web o un blog a l'hora de gestionar aquesta informaci\u00f3.<\/p><p>La\u00a0<b>LSSI<\/b>\u00a0(<b>Llei 34\/2002, d'11 de juliol, de Serveis de la Societat de la Informaci\u00f3 i Comer\u00e7 Electr\u00f2nic<\/b>) que regula les transaccions econ\u00f2miques mitjan\u00e7ant mitjans electr\u00f2nics, com \u00e9s el cas d'aquest blog.<\/p><p><b>DADES D'IDENTIFICACI\u00d3<\/b><\/p><p>El responsable i titular d'aquest lloc web \u00e9s SEOAGIL SL (D'ara endavant<strong> SEOAGIL<\/strong>)<\/p><ul><li><b>Nom:\u00a0<\/b> SEOAGIL SL<\/li><li><b>NIF:\u00a0<\/b> B-67025205<\/li><li><b>Domicili Social:<\/b> C\/ Moss\u00e8n Pedragossa n\u00fam. 3 2-1<\/li><li><b>Activitat del lloc web<\/b>: distribuci\u00f3 de contingut relacionat amb (https:\/\/filtratuagua.es), recomanaci\u00f3 de productes d'afiliat.<\/li><li><b>Correu electr\u00f2nic<\/b>: info@seoagil.com<\/li><\/ul><p>Les dades que ens facilitis amb el teu consentiment, i d'acord amb l'\u00fas establert en la nostra Pol\u00edtica de Privacitat, seran incorporades a un fitxer automatitzat degudament inscrit a l'Ag\u00e8ncia Espanyola de Protecci\u00f3 de Dades, en el qual el responsable d'aquest fitxer \u00e9s:\u00a0<strong>SEOAGIL<\/strong><b>.\u00a0<\/b>Aix\u00f2 vol dir que les teves dades estan segures, d'acord amb el que estableix la llei.<\/p><p><b>NORMES D'ACC\u00c9S AL LLOC WEB<\/b><\/p><p>Com a usuari del nostre web, tamb\u00e9 tens una s\u00e8rie d'obligacions:<\/p><p>No podr\u00e0s utilitzar aquest lloc web per a la realitzaci\u00f3 d'activitats contr\u00e0ries a les lleis, a la moral, a l'ordre p\u00fablic i, en general, a fer un \u00fas conforme a les condicions establertes en el present Av\u00eds Legal.<\/p><p>No podr\u00e0s realitzar activitats publicit\u00e0ries o d'explotaci\u00f3 comercial enviant missatges que utilitzin una identitat falsa.<\/p><p>Tu ser\u00e0s l'\u00fanic responsable de la veracitat i exactitud dels continguts que introdueixis en aquesta web i de les dades personals que ens facilitis amb les finalitats previstes en la nostra Pol\u00edtica de Privacitat.<\/p><p>Tamb\u00e9 ser\u00e0s l'\u00fanic responsable de la realitzaci\u00f3 de qualsevol tipus d'actuaci\u00f3 il\u00b7l\u00edcita, lesiva de drets, nociva i\/o perjudicial en els llocs de tercers als quals et puguem derivar des d'aquest lloc web per al desenvolupament de la nostra activitat.<\/p><p>Com a responsable del lloc web,\u00a0<strong>SEOAGIL<\/strong>\u00a0podr\u00e0 interrompre el servei de la p\u00e0gina que estigui sent utilitzada per l'usuari i resoldre de manera immediata la relaci\u00f3 si detecta un \u00fas de la web o de qualsevol dels serveis que en la mateixa s'ofereixen que pugui considerar-se contrari al que s'expressa en aquest Av\u00eds Legal.<\/p><p><b>PROPIETAT INTEL\u00b7LECTUAL I INDUSTRIAL<\/b><\/p><p>La totalitat d'aquest lloc web (text, imatges, marques, gr\u00e0fics, logotips, botons, arxius de programari, combinacions de colors, aix\u00ed com l'estructura, selecci\u00f3, ordenaci\u00f3 i presentaci\u00f3 dels seus continguts) es troba protegida per les lleis vigents sobre Propietat Intel\u00b7lectual i Industrial, quedant prohibida la seva reproducci\u00f3, distribuci\u00f3, comunicaci\u00f3 p\u00fablica i transformaci\u00f3, excepte per a \u00fas personal i privat.<\/p><p>Com a titular d'aquest lloc web,<b>\u00a0<strong>SEOAGIL<\/strong>\u00a0<\/b>no garanteix que els continguts siguin precisos o lliures d'error o que el lliure \u00fas dels mateixos per part dels usuaris no infringeixi els drets de terceres parts. El bon o mal \u00fas d'aquesta p\u00e0gina i dels seus continguts \u00e9s responsabilitat de l'usuari.<\/p><p>Aix\u00ed mateix, queda prohibida la reproducci\u00f3, retransmissi\u00f3, c\u00f2pia, cessi\u00f3 o redifusi\u00f3, total o parcial, de la informaci\u00f3 continguda a la p\u00e0gina, qualsevol que fos la seva finalitat i el mitj\u00e0 utilitzat per a aix\u00f2, sense autoritzaci\u00f3 pr\u00e8via de\u00a0<strong>SEOAGIL<\/strong><b>.<\/b><\/p><p><b>ENLLA\u00c7OS O LINKS<\/b><\/p><p>Aquest lloc web inclou enlla\u00e7os o links a llocs de tercers. Les p\u00e0gines pertanyents a aquests tercers no han estat revisades ni s\u00f3n objecte de controls per part nostra, per la qual cosa\u00a0<strong>SEOAGIL<\/strong>\u00a0no podr\u00e0 ser considerat responsable dels continguts d'aquests llocs web, ni de les mesures que s'adoptin relatives a la seva privacitat o al tractament de les seves dades de car\u00e0cter personal o altres que poguessin derivar-se.<\/p><p>Per tot aix\u00f2, et recomanem la lectura detinguda de les condicions d'\u00fas, pol\u00edtica de privacitat, avisos legals i\/o similars d'aquests llocs.<\/p><p><b>ENLLA\u00c7OS D'AFILIACI\u00d3 D'AMAZON<\/b><\/p><p>Aquest lloc web, d'acord amb la seva finalitat, utilitza enlla\u00e7os d'afiliat d'Amazon.<\/p><p>Aix\u00f2 vol dir que trobar\u00e0s enlla\u00e7os de productes d'Amazon als quals podr\u00e0s accedir directament des del nostre lloc web, per\u00f2 que, en el seu cas, la compra la realitzar\u00e0s a Amazon, sota les seves pr\u00f2pies condicions en aquell moment.<\/p><p><b>LIMITACI\u00d3 DE RESPONSABILITAT<\/b><\/p><p>En exercici del seu dret com a titular d'aquesta web, t'informem que\u00a0<strong>SEOAGIL<\/strong><b>\u00a0<\/b>no es fa responsable en cap cas del seg\u00fcent:<\/p><p>La qualitat del servei, la velocitat d'acc\u00e9s, el correcte funcionament ni la disponibilitat ni continu\u00eftat de funcionament de la p\u00e0gina.<\/p><p>L'exist\u00e8ncia de virus, malware, programes maliciosos o nocius en els continguts.<\/p><p>L'\u00fas il\u00b7l\u00edcit, negligent, fraudulent o contrari a aquest Av\u00eds Legal.<\/p><p>La manca de licitud, qualitat, fiabilitat, utilitat i disponibilitat dels serveis prestats per tercers i posats a disposici\u00f3 dels usuaris en aquest lloc web.<\/p><p>Dels danys que poguessin provenir de l'\u00fas il\u00b7legal o indegut d'aquest blog.<\/p><p><b>POL\u00cdTICA DE PRIVACITAT I PROTECCI\u00d3 DE DADES<\/b><\/p><p>Aquest lloc web compleix amb la normativa vigent en mat\u00e8ria de protecci\u00f3 de dades, la qual cosa implica que, com a usuari, haur\u00e0s de donar el teu consentiment expr\u00e9s abans de facilitar-nos dades personals a trav\u00e9s dels diferents formularis posats a disposici\u00f3 en les seccions de la nostra p\u00e0gina.<\/p><p>Per aix\u00f2, en nom de la transpar\u00e8ncia i l'exercici del teu dret, el nostre deure \u00e9s informar-te sobre les dades personals que recollim, emmagatzemem i tractem i amb quines finalitats, tenint en qualsevol moment la possibilitat de revocar lliurement el teu consentiment.<\/p><p>Tota aquesta informaci\u00f3 la podr\u00e0s trobar a la nostra\u00a0<b>POL\u00cdTICA DE PRIVACITAT.<\/b><\/p><p><b>POL\u00cdTICA DE COOKIES<\/b><\/p><p>Tal com t'informem tan bon punt accedeixes al nostre web, aquest lloc utilitza cookies pr\u00f2pies i de tercers amb l'objectiu de proporcionar-te la millor experi\u00e8ncia d'usuari i desenvolupar la nostra activitat.<\/p><p>En qualsevol moment, tindr\u00e0s l'opci\u00f3 de configurar el teu navegador per desestimar l'\u00fas d'aquestes cookies que, en algun cas, afectaran la teva experi\u00e8ncia d'usuari.<\/p><p>Per accedir a la informaci\u00f3 completa sobre l'\u00fas de cookies en aquest lloc web, la seva finalitat i la seva desestimaci\u00f3, pots consultar la nostra\u00a0<b>POL\u00cdTICA DE COOKIES<\/b>.<\/p><p><b>LEGISLACI\u00d3 APLICABLE I JURISDICCI\u00d3 COMPETENT<\/b><\/p><p>El present Av\u00eds Legal est\u00e0 sotm\u00e8s a la legislaci\u00f3 espanyola vigent.<\/p><p>En cas necessari, davant qualsevol tipus de controv\u00e8rsia de car\u00e0cter legal,\u00a0<strong>SEOAGIL<\/strong>\u00a0i l'usuari, amb ren\u00fancia expressa a qualsevol altre fur, se sotmetran als Jutjats i Tribunals del domicili de l'Usuari per a qualsevol controv\u00e8rsia que pogu\u00e9s derivar-se.<\/p><p>En el cas que l'usuari tingui el seu domicili fora d'Espanya,\u00a0<strong>SEOAGIL<\/strong><b>\u00a0<\/b>i l'usuari se sotmetran, amb ren\u00fancia expressa a qualsevol altre fur, als jutjats i tribunals de Barcelona (Espanya).<\/p><p>Si tens qualsevol dubte sobre aquest Av\u00eds Legal, ens pots enviar un correu electr\u00f2nic a <b>info@seoagil.com<\/b><\/p>\t\t\t\t\t\t\t\t<\/div>\n\t\t\t\t<\/div>\n\t\t\t\t\t<\/div>\n\t\t<\/div>\n\t\t\t\t\t<\/div>\n\t\t<\/section>\n\t\t\t\t<\/div>","protected":false},"excerpt":{"rendered":"<p>AVISO LEGAL Este Aviso Legal tiene el objetivo de informarte de tus derechos y obligaciones como usuario de este sitio web. Aqu\u00ed encontrar\u00e1s toda la informaci\u00f3n que necesitas sobre este sitio web, su actividad, los datos personales que recaba y su finalidad, as\u00ed como las normas de uso que regulan el uso de esta web. [&hellip;]<\/p>","protected":false},"author":1,"featured_media":0,"parent":0,"menu_order":0,"comment_status":"closed","ping_status":"open","template":"","meta":{"_acf_changed":false,"footnotes":""},"class_list":["post-365","page","type-page","status-publish","hentry"],"acf":[],"_links":{"self":[{"href":"https:\/\/filtratuagua.es\/ca\/wp-json\/wp\/v2\/pages\/365","targetHints":{"allow":["GET"]}}],"collection":[{"href":"https:\/\/filtratuagua.es\/ca\/wp-json\/wp\/v2\/pages"}],"about":[{"href":"https:\/\/filtratuagua.es\/ca\/wp-json\/wp\/v2\/types\/page"}],"author":[{"embeddable":true,"href":"https:\/\/filtratuagua.es\/ca\/wp-json\/wp\/v2\/users\/1"}],"replies":[{"embeddable":true,"href":"https:\/\/filtratuagua.es\/ca\/wp-json\/wp\/v2\/comments?post=365"}],"version-history":[{"count":0,"href":"https:\/\/filtratuagua.es\/ca\/wp-json\/wp\/v2\/pages\/365\/revisions"}],"wp:attachment":[{"href":"https:\/\/filtratuagua.es\/ca\/wp-json\/wp\/v2\/media?parent=365"}],"curies":[{"name":"wp","href":"https:\/\/api.w.org\/{rel}","templated":true}]}}