{"id":373,"date":"2021-01-24T17:30:49","date_gmt":"2021-01-24T17:30:49","guid":{"rendered":"https:\/\/filtratuagua.es\/?page_id=373"},"modified":"2025-07-27T15:47:29","modified_gmt":"2025-07-27T13:47:29","slug":"politica-de-privacidad","status":"publish","type":"page","link":"https:\/\/filtratuagua.es\/ca\/politica-de-privacidad\/","title":{"rendered":"Pol\u00edtica de privacitat"},"content":{"rendered":"<div data-elementor-type=\"wp-page\" data-elementor-id=\"373\" class=\"elementor elementor-373\" data-elementor-post-type=\"page\">\n\t\t\t\t\t\t<section class=\"elementor-section elementor-top-section elementor-element elementor-element-a1023fa elementor-section-boxed elementor-section-height-default elementor-section-height-default\" data-id=\"a1023fa\" data-element_type=\"section\" data-e-type=\"section\">\n\t\t\t\t\t\t<div class=\"elementor-container elementor-column-gap-default\">\n\t\t\t\t\t<div class=\"elementor-column elementor-col-100 elementor-top-column elementor-element elementor-element-1b3a688\" data-id=\"1b3a688\" data-element_type=\"column\" data-e-type=\"column\">\n\t\t\t<div class=\"elementor-widget-wrap elementor-element-populated\">\n\t\t\t\t\t\t<div class=\"elementor-element elementor-element-f9a9a9c elementor-widget elementor-widget-text-editor\" data-id=\"f9a9a9c\" data-element_type=\"widget\" data-e-type=\"widget\" data-widget_type=\"text-editor.default\">\n\t\t\t\t<div class=\"elementor-widget-container\">\n\t\t\t\t\t\t\t\t\t<p>Si ets aqu\u00ed \u00e9s perqu\u00e8 vols saber m\u00e9s sobre les obligacions i drets que et corresponen com a usuari d'aquest web.\u00a0<b>https:\/\/filtratuagua.es<\/b>\u00a0i aix\u00f2 est\u00e0 molt b\u00e9. El nostre deure \u00e9s informar-te i el teu estar degudament informat.<\/p><p>En aquesta Pol\u00edtica de Privacitat t'informarem amb total transpar\u00e8ncia sobre la finalitat d'aquest lloc web i tot el que afecta les dades que ens facilitis, aix\u00ed com de les obligacions i drets que et corresponen.<\/p><div class=\"banner desktop\"><div class=\"small\">Per comen\u00e7ar, has de saber que aquest lloc web s'adapta a la normativa vigent en relaci\u00f3 amb la protecci\u00f3 de dades, la qual cosa afecta les dades personals que ens facilitis amb el teu consentiment expr\u00e9s i les cookies que utilitzem perqu\u00e8 aquest lloc web funcioni correctament i pugui desenvolupar la seva activitat.<\/div><\/div><p>Concretament, aquest lloc web s'ajusta al compliment de les seg\u00fcents normatives:<\/p><p>El\u00a0<b>RGPD\u00a0<\/b>(<b>Reglament (UE) 2016\/679 del Parlament Europeu i del Consell de 27 d'abril de 2016 relatiu a la protecci\u00f3 de les persones f\u00edsiques<\/b>) que \u00e9s la nova normativa de la Uni\u00f3 Europea que unifica la regulaci\u00f3 del tractament de les dades personals als diferents pa\u00efsos de la UE.<\/p><p>La\u00a0<b>LOPD<\/b>\u00a0(<b>Llei Org\u00e0nica 15\/1999, de 13 de desembre, de Protecci\u00f3 de Dades de Car\u00e0cter Personal<\/b>\u00a0y\u00a0<b>Reial decret 1720\/2007, de 21 de desembre, el Reglament de desenvolupament de la LOPD<\/b>) que regula el tractament de les dades personals i les obligacions que hem d'assumir els responsables d'una web o un blog a l'hora de gestionar aquesta informaci\u00f3.<\/p><p>La\u00a0<b>LSSI<\/b>\u00a0(<b>Llei 34\/2002, d'11 de juliol, de Serveis de la Societat de la Informaci\u00f3 i Comer\u00e7 Electr\u00f2nic<\/b>) que regula les transaccions econ\u00f2miques mitjan\u00e7ant mitjans electr\u00f2nics, com \u00e9s el cas d'aquest blog.<\/p><p><b>DADES D'IDENTIFICACI\u00d3<\/b><\/p><p>El responsable i titular d'aquest lloc web \u00e9s\u00a0<b>SEOAGIL SL. (D'ara endavant SEOAGIL)<\/b><\/p><ul><li><b>Nom:<\/b> SEOAGIL<\/li><li><b>NIF:<\/b> B-67025205<\/li><li><b>Domicili Social:<\/b> C\/ Moss\u00e8n Pedragossa n\u00fam. 3 2-1, Sant Esteve de Palautordera<\/li><li><b>Activitat del lloc web<\/b>: distribuci\u00f3 de contingut relacionat amb Filtres d'aigua i recomanaci\u00f3 de productes d'afiliat.<\/li><li><b>Correu electr\u00f2nic<\/b>: Info@seoagil.com<\/li><\/ul><p>Les dades que ens facilitis amb el teu consentiment, i d'acord amb l'\u00fas establert en aquesta Pol\u00edtica de Privacitat, seran incorporades a un fitxer automatitzat degudament inscrit a l'Ag\u00e8ncia Espanyola de Protecci\u00f3 de Dades, en el qual el responsable d'aquest fitxer \u00e9s: <strong>SEOAGIL<\/strong>. Aix\u00f2 vol dir que les teves dades estan segures, d'acord amb el que estableix la llei.<\/p><p>Les dades personals que ens facilitis, sempre amb el teu consentiment expr\u00e9s, s'emmagatzemaran i tractaran amb les finalitats previstes i descrites a continuaci\u00f3 en aquesta Pol\u00edtica de Privacitat, fins al moment en qu\u00e8 ens demanis que les eliminem.<b>.<\/b><\/p><p>T'informem que aquesta Pol\u00edtica de Privacitat pot ser modificada en qualsevol moment, amb l'objectiu d'adaptar-la a novetats legislatives o canvis en les nostres activitats, sent vigent la que en cada moment es trobi publicada a la web. Aquesta modificaci\u00f3 se't notificar\u00e0 abans de la seva aplicaci\u00f3.<\/p><p><b>CONDICIONS D'\u00daS<\/b><\/p><p>Has de saber, per a la teva tranquil\u00b7litat, que sempre et sol\u00b7licitarem el teu consentiment expr\u00e9s per recollir les teves dades amb la corresponent finalitat especificada en cada cas, la qual cosa implica que, en cas d'atorgar aquest consentiment, has llegit i acceptat aquesta Pol\u00edtica de Privacitat.<b>.<\/b><\/p><p>En el moment en qu\u00e8 accedeixis i utilitzis aquesta web, assumes la teva condici\u00f3 d'usuari amb els teus corresponents drets i obligacions.<\/p><p>Si tens m\u00e9s de 13 anys, podr\u00e0s registrar-te com a usuari en aquest lloc web sense el consentiment previ dels teus pares o tutors.<\/p><p>Si tens menys de 13 anys, necessitar\u00e0s el consentiment dels teus pares o tutors per al tractament de les teves dades personals.<\/p><p><b>REGISTRE I FINALITAT DE LES TEVES DADES<\/b><\/p><p>En funci\u00f3 del formulari o secci\u00f3 a la qual accedeixis, et sol\u00b7licitarem exclusivament les dades necess\u00e0ries amb les finalitats descrites a continuaci\u00f3. En tot moment, haur\u00e0s de donar el teu consentiment expr\u00e9s, quan et sol\u00b7licitem informaci\u00f3 personal amb les seg\u00fcents finalitats:<\/p><ul><li>Les finalitats concretes que particularment s'indiquin en cadascuna de les p\u00e0gines o seccions on aparegui el formulari de registre o contacte electr\u00f2nic.<\/li><li>Amb car\u00e0cter general, per atendre les teves sol\u00b7licituds, comentaris, consultes o qualsevol tipus de petici\u00f3 que realitzis com a usuari a trav\u00e9s de qualsevol de les formes de contacte que posem a la teva disposici\u00f3.<\/li><li>Per informar-te sobre consultes, sol\u00b7licituds, activitats, productes, novetats i\/o serveis; via e-mail, fax, Whatsapp, Skype, tel\u00e8fon proporcionat, sms i mms.<\/li><li>Per enviar-te comunicacions comercials o publicit\u00e0ries a trav\u00e9s de qualsevol altre mitj\u00e0 electr\u00f2nic o f\u00edsic, que permeti realitzar comunicacions.<\/li><\/ul><p>Aquestes comunicacions sempre estaran relacionades amb els nostres productes, serveis, novetats o promocions, aix\u00ed com aquells productes o serveis que puguem considerar del teu inter\u00e8s i que puguin oferir col\u00b7laboradors, empreses o \"partners\" amb els quals mantinguem acords de promoci\u00f3 o col\u00b7laboraci\u00f3 comercial.<\/p><p>Si \u00e9s aix\u00ed, et garantim que aquests tercers mai tindran acc\u00e9s a les teves dades personals, amb les excepcions reflectides a continuaci\u00f3, sent en tot cas aquestes comunicacions realitzades per part de\u00a0<b>SEOAGIL, com a titular del web.<\/b><\/p><p>Aquest lloc web mostra productes d'afiliats de tercers. Concretament de\u00a0<b>AMAZON<\/b>.<\/p><p>Aix\u00f2 vol dir que en fer clic a \"Comprar\" o similar, se't redirigir\u00e0 a la p\u00e0gina on s'ofereixen els productes.\u00a0<\/p><p>En aquest cas, has de saber que \u00fanicament proporcionem i facilitem els enlla\u00e7os a les p\u00e0gines i\/o plataformes d'aquests tercers on es poden adquirir els productes que mostrem, amb l'objectiu de facilitar la cerca i f\u00e0cil adquisici\u00f3 dels mateixos.<\/p><p>Aquestes p\u00e0gines enlla\u00e7ades i pertanyents a tercers no han estat revisades ni s\u00f3n objecte de controls, ni recomanaci\u00f3 per part nostra, per la qual cosa en cap cas\u00a0<b>SEOAGIL <\/b>ser\u00e0 considerada responsable dels continguts d'aquests llocs web, de les responsabilitats derivades del seu \u00fas en tots els \u00e0mbits, ni per les mesures que s'adoptin relatives a la privacitat de l'usuari, tractament de les seves dades de car\u00e0cter personal o altres que es puguin establir.<\/p><p>Per tot aix\u00f2, et recomanem la lectura detinguda i anticipada de totes les condicions d'\u00fas, condicions de compra, pol\u00edtiques de privacitat, avisos legals i\/o similars d'aquests llocs enlla\u00e7ats abans de procedir a l'adquisici\u00f3 d'aquests productes o \u00fas de les webs.<\/p><p><b>EXACTITUD I VERACITAT DELS DADES<\/b><\/p><p>Com a usuari, ets l'\u00fanic responsable de la veracitat i modificaci\u00f3 de les dades que remetis a\u00a0<b>SEOAGIL<\/b>, exonerant-nos de qualsevol responsabilitat al respecte.<\/p><p>\u00c9s a dir, et correspon garantir i respondre en qualsevol cas de l'exactitud, vig\u00e8ncia i autenticitat de les dades personals facilitades, i et compromets a mantenir-les degudament actualitzades.<\/p><p>D'acord amb el que s'expressa en aquesta Pol\u00edtica de Privacitat, acceptes proporcionar informaci\u00f3 completa i correcta en el formulari de contacte o subscripci\u00f3.<\/p><p><b>BAIXES DE SUBSCRIPCI\u00d3 I DRET DE REVOCACI\u00d3<\/b><\/p><p>Com a titular de les dades que ens hagis facilitat, podr\u00e0s exercir en qualsevol moment els teus drets d'acc\u00e9s, rectificaci\u00f3, cancel\u00b7laci\u00f3 i oposici\u00f3, enviant-nos un correu electr\u00f2nic a<b> Info@seoagil.com <\/b>i adjuntant-nos una fotoc\u00f2pia del teu document d'identitat com a prova v\u00e0lida.<\/p><p>Igualment, podr\u00e0s donar-te de baixa en qualsevol moment per deixar de rebre el nostre butllet\u00ed o qualsevol altra comunicaci\u00f3 comercial, directament des del mateix correu electr\u00f2nic que hagis rebut o enviant-nos un correu a\u00a0<b>Info@seoagil.com.<\/b><\/p><p><b>ACC\u00c9S A DADES PER COMPTE DE TERCERS<\/b><\/p><p>Per poder prestar serveis estrictament necessaris per al funcionament i desenvolupament de les activitats d'aquest lloc web, t'informem que compartim dades amb els seg\u00fcents prestadors de servei sota les seves corresponents condicions de privacitat.<\/p><p>Pots tenir la total tranquil\u00b7litat que aquests tercers no podran utilitzar aquesta informaci\u00f3 per a cap altre fi que no estigui regulat espec\u00edficament en les nostres relacions amb ells en virtut de la normativa aplicable en mat\u00e8ria de protecci\u00f3 de dades de car\u00e0cter personal.<\/p><p>Aquest lloc web est\u00e0 allotjat a\u00a0<b>https:\/\/okitup.com\/<\/b>, amb marca comercial\u00a0<b>Okitup<\/b>, que proporciona els serveis d'allotjament perqu\u00e8 puguis accedir i navegar pel nostre lloc.\u00a0<\/p><p>El nostre web utilitza servidors publicitaris amb la finalitat de facilitar els continguts comercials que visualitzes a les nostres p\u00e0gines. Aquests servidors publicitaris utilitzen cookies que els permeten adaptar els continguts publicitaris als perfils demogr\u00e0fics dels usuaris:<\/p><p><b>Google Analytics:<\/b><\/p><p>Google Analytics \u00e9s un servei anal\u00edtic de web prestat per Google, Inc., una companyia de Delaware la oficina principal de la qual es troba a 1600 Amphitheatre Parkway, Mountain View (Calif\u00f2rnia), CA 94043, Estats Units (\"Google\").<\/p><p>Google Analytics utilitza \"cookies\", que s\u00f3n arxius de text ubicats al teu ordinador, per ajudar el lloc web a analitzar l'\u00fas que fan els usuaris del lloc web.<\/p><p>La informaci\u00f3 que genera la cookie sobre el teu \u00fas del lloc web (incloent-hi la teva adre\u00e7a IP) ser\u00e0 directament transmesa i arxivada per Google. Google utilitzar\u00e0 aquesta informaci\u00f3 per compte nostre amb la finalitat de fer un seguiment del teu \u00fas del lloc web, recopilant informes de l'activitat del lloc web i prestant altres serveis relacionats amb l'activitat del lloc web i l'\u00fas d'Internet.<\/p><p>Google podr\u00e0 transmetre aquesta informaci\u00f3 a tercers quan aix\u00ed ho requereixi la legislaci\u00f3, o quan aquests tercers processin la informaci\u00f3 per compte de Google. Google no associar\u00e0 la seva adre\u00e7a IP amb cap altra dada de qu\u00e8 disposi.<\/p><p>Com a usuari, i en exercici dels teus drets, pots rebutjar el tractament de les dades o la informaci\u00f3 rebutjant l'\u00fas de cookies mitjan\u00e7ant la selecci\u00f3 de la configuraci\u00f3 apropiada del teu navegador, per\u00f2 has de saber que si ho fas pot ser que no puguis utilitzar la plena funcionalitat d'aquest lloc web.<\/p><p>En utilitzar aquest lloc web, d'acord amb la informaci\u00f3 proporcionada en aquesta Pol\u00edtica de Privacitat, acceptes el tractament de dades per part de Google en la forma i per als fins indicats.\u00a0<\/p><p>Per a m\u00e9s informaci\u00f3, pots consultar la pol\u00edtica de privadesa de Google.<b>\u00a0a<\/b>\u00a0<a href=\"https:\/\/www.google.com\/intl\/es\/policies\/privacy\/\" target=\"_blank\" rel=\"noopener\">https:\/\/www.google.com\/intl\/es\/policies\/privacy\/<\/a>.<\/p><p>\u00a0<\/p><p>Si vols saber m\u00e9s sobre l'\u00fas de cookies i les pr\u00e0ctiques de recopilaci\u00f3 d'informaci\u00f3 i els procediments d'acceptaci\u00f3 o rebuig, consulta la nostra POL\u00cdTICA DE COOKIES.<\/p><p><b>MESURES DE SEGURETAT<\/b><\/p><p>Com a titular del web<b>Ho sentim, per\u00f2 no podem proporcionar el text tradu\u00eft directament. Si us plau, proporciona el text que necessites traduir i estarem encantats d'ajudar-te.<\/b>\u00a0ha adoptat totes les mesures t\u00e8cniques i d'organitzaci\u00f3 necess\u00e0ries per garantir la seguretat i integritat de les dades de car\u00e0cter personal que tracti, aix\u00ed com per evitar-ne la p\u00e8rdua, alteraci\u00f3 i\/o acc\u00e9s per part de tercers no autoritzats.\u00a0<\/p><p>Et recordem que, per a m\u00e9s informaci\u00f3, pots consultar les nostres p\u00e0gines de\u00a0<b>Av\u00eds Legal<\/b>\u00a0y\u00a0<b>Pol\u00edtica de Cookies.<\/b><\/p>\t\t\t\t\t\t\t\t<\/div>\n\t\t\t\t<\/div>\n\t\t\t\t\t<\/div>\n\t\t<\/div>\n\t\t\t\t\t<\/div>\n\t\t<\/section>\n\t\t\t\t<\/div>","protected":false},"excerpt":{"rendered":"<p>Si est\u00e1s aqu\u00ed es porque quieres saber m\u00e1s sobre las obligaciones y derechos que te corresponden como usuario de esta web\u00a0https:\/\/filtratuagua.es\u00a0y eso est\u00e1 muy bien. Nuestro deber es informarte y el tuyo estar debidamente informado. En esta Pol\u00edtica de Privacidad te informaremos con total transparencia sobre la finalidad de este sitio web y todo lo [&hellip;]<\/p>","protected":false},"author":1,"featured_media":0,"parent":0,"menu_order":0,"comment_status":"closed","ping_status":"open","template":"","meta":{"_acf_changed":false,"footnotes":""},"class_list":["post-373","page","type-page","status-publish","hentry"],"acf":[],"_links":{"self":[{"href":"https:\/\/filtratuagua.es\/ca\/wp-json\/wp\/v2\/pages\/373","targetHints":{"allow":["GET"]}}],"collection":[{"href":"https:\/\/filtratuagua.es\/ca\/wp-json\/wp\/v2\/pages"}],"about":[{"href":"https:\/\/filtratuagua.es\/ca\/wp-json\/wp\/v2\/types\/page"}],"author":[{"embeddable":true,"href":"https:\/\/filtratuagua.es\/ca\/wp-json\/wp\/v2\/users\/1"}],"replies":[{"embeddable":true,"href":"https:\/\/filtratuagua.es\/ca\/wp-json\/wp\/v2\/comments?post=373"}],"version-history":[{"count":0,"href":"https:\/\/filtratuagua.es\/ca\/wp-json\/wp\/v2\/pages\/373\/revisions"}],"wp:attachment":[{"href":"https:\/\/filtratuagua.es\/ca\/wp-json\/wp\/v2\/media?parent=373"}],"curies":[{"name":"wp","href":"https:\/\/api.w.org\/{rel}","templated":true}]}}