{"id":543,"date":"2025-06-29T15:15:30","date_gmt":"2025-06-29T13:15:30","guid":{"rendered":"https:\/\/filtratuagua.es\/carrito\/"},"modified":"2025-07-03T07:23:13","modified_gmt":"2025-07-03T05:23:13","slug":"carrito","status":"publish","type":"page","link":"https:\/\/filtratuagua.es\/ca\/carrito\/","title":{"rendered":"Carrito"},"content":{"rendered":"<div data-block-name=\"woocommerce\/cart\" class=\"wp-block-woocommerce-cart alignwide is-loading\">\n<div data-block-name=\"woocommerce\/filled-cart-block\" class=\"wp-block-woocommerce-filled-cart-block\">\n<div data-block-name=\"woocommerce\/cart-items-block\" class=\"wp-block-woocommerce-cart-items-block\">\n<div data-block-name=\"woocommerce\/cart-line-items-block\" class=\"wp-block-woocommerce-cart-line-items-block\"><\/div>\n\n\n\n<div data-block-name=\"woocommerce\/cart-cross-sells-block\" class=\"wp-block-woocommerce-cart-cross-sells-block\">\n<h2 class=\"wp-block-heading has-large-font-size\">Puede que te interese\u2026<\/h2>\n\n\n\n<div data-block-name=\"woocommerce\/cart-cross-sells-products-block\" class=\"wp-block-woocommerce-cart-cross-sells-products-block\"><\/div>\n<\/div>\n<\/div>\n\n\n\n<div data-block-name=\"woocommerce\/cart-totals-block\" class=\"wp-block-woocommerce-cart-totals-block\">\n<div data-block-name=\"woocommerce\/cart-order-summary-block\" class=\"wp-block-woocommerce-cart-order-summary-block\">\n<div data-block-name=\"woocommerce\/cart-order-summary-heading-block\" class=\"wp-block-woocommerce-cart-order-summary-heading-block\"><\/div><div data-block-name=\"woocommerce\/cart-order-summary-coupon-form-block\" class=\"wp-block-woocommerce-cart-order-summary-coupon-form-block\"><\/div><div data-block-name=\"woocommerce\/cart-order-summary-totals-block\" class=\"wp-block-woocommerce-cart-order-summary-totals-block\">\n<div data-block-name=\"woocommerce\/cart-order-summary-subtotal-block\" class=\"wp-block-woocommerce-cart-order-summary-subtotal-block\"><\/div>\n<div data-block-name=\"woocommerce\/cart-order-summary-discount-block\" class=\"wp-block-woocommerce-cart-order-summary-discount-block\"><\/div>\n<div data-block-name=\"woocommerce\/cart-order-summary-fee-block\" class=\"wp-block-woocommerce-cart-order-summary-fee-block\"><\/div>\n<div data-block-name=\"woocommerce\/cart-order-summary-shipping-block\" class=\"wp-block-woocommerce-cart-order-summary-shipping-block\"><\/div>\n<div data-block-name=\"woocommerce\/cart-order-summary-taxes-block\" class=\"wp-block-woocommerce-cart-order-summary-taxes-block\"><\/div><\/div>\n<\/div>\n\n\n\n<div data-block-name=\"woocommerce\/cart-express-payment-block\" class=\"wp-block-woocommerce-cart-express-payment-block\"><\/div>\n\n\n\n<div data-block-name=\"woocommerce\/proceed-to-checkout-block\" class=\"wp-block-woocommerce-proceed-to-checkout-block\"><\/div>\n\n\n\n<div data-block-name=\"woocommerce\/cart-accepted-payment-methods-block\" class=\"wp-block-woocommerce-cart-accepted-payment-methods-block\"><\/div>\n<\/div>\n<\/div>\n\n\n\n<div data-block-name=\"woocommerce\/empty-cart-block\" class=\"wp-block-woocommerce-empty-cart-block\">\n<h2 class=\"wp-block-heading has-text-align-center with-empty-cart-icon wc-block-cart__empty-cart__title\">\u00a1Tu carrito est\u00e1 actualmente vac\u00edo!<\/h2>\n\n\n\n<hr class=\"wp-block-separator has-alpha-channel-opacity is-style-dots\"\/>\n\n\n\n<h2 class=\"wp-block-heading has-text-align-center\">Nuevo en la tienda<\/h2>\n\n\n<div data-block-name=\"woocommerce\/product-new\" data-columns=\"4\" data-rows=\"1\" class=\"wc-block-grid wp-block-product-new wp-block-woocommerce-product-new wc-block-product-new has-4-columns\"><ul class=\"wc-block-grid__products\"><li class=\"wc-block-grid__product\">\n\t\t\t\t<a href=\"https:\/\/filtratuagua.es\/ca\/producte\/taquillas\/\" class=\"wc-block-grid__product-link\">\n\t\t\t\t\t\n\t\t\t\t\t<div class=\"wc-block-grid__product-image\"><img fetchpriority=\"high\" decoding=\"async\" width=\"500\" height=\"500\" src=\"https:\/\/filtratuagua.es\/wp-content\/uploads\/woocommerce-placeholder-500x500.png\" class=\"woocommerce-placeholder wp-post-image\" alt=\"\" srcset=\"https:\/\/filtratuagua.es\/wp-content\/uploads\/woocommerce-placeholder-500x500.png 500w, https:\/\/filtratuagua.es\/wp-content\/uploads\/woocommerce-placeholder-100x100.png 100w, https:\/\/filtratuagua.es\/wp-content\/uploads\/woocommerce-placeholder-655x655.png 655w, https:\/\/filtratuagua.es\/wp-content\/uploads\/woocommerce-placeholder-300x300.png 300w, https:\/\/filtratuagua.es\/wp-content\/uploads\/woocommerce-placeholder-1024x1024.png 1024w, https:\/\/filtratuagua.es\/wp-content\/uploads\/woocommerce-placeholder-150x150.png 150w, https:\/\/filtratuagua.es\/wp-content\/uploads\/woocommerce-placeholder-768x768.png 768w, https:\/\/filtratuagua.es\/wp-content\/uploads\/woocommerce-placeholder-12x12.png 12w, https:\/\/filtratuagua.es\/wp-content\/uploads\/woocommerce-placeholder-75x75.png 75w, https:\/\/filtratuagua.es\/wp-content\/uploads\/woocommerce-placeholder.png 1200w\" sizes=\"(max-width: 500px) 100vw, 500px\" \/><\/div>\n\t\t\t\t\t<div class=\"wc-block-grid__product-title\">Taquillas<\/div>\n\t\t\t\t<\/a>\n\t\t\t\t<div class=\"wc-block-grid__product-price price\"><span class=\"woocommerce-Price-amount amount\">60,00&nbsp;<span class=\"woocommerce-Price-currencySymbol\">&euro;<\/span><\/span><\/div>\n\t\t\t\t\n\t\t\t\t<div class=\"wp-block-button wc-block-grid__product-add-to-cart\"><a href=\"\/ca\/wp-json\/wp\/v2\/pages\/543?add-to-cart=5042\" aria-label=\"Afegeix a la cistella: \u201cTaquillas\u201d\" data-quantity=\"1\" data-product_id=\"5042\" data-product_sku=\"\" data-price=\"60\" rel=\"nofollow\" class=\"wp-block-button__link  add_to_cart_button ajax_add_to_cart\" data-no-translation=\"\" data-trp-gettext=\"\" data-no-translation-aria-label=\"\">Afegeix a la cistella<\/a><\/div>\n\t\t\t<\/li><li class=\"wc-block-grid__product\">\n\t\t\t\t<a href=\"https:\/\/filtratuagua.es\/ca\/producte\/brita-mypure-p1-filtro-de-agua-para-grifo-con-cartucho-p1000-mejora-el-sabor-reduce-cal-cloro-y-metales-filtracion-compacta-y-facil-instalacion\/\" class=\"wc-block-grid__product-link\">\n\t\t\t\t\t\n\t\t\t\t\t<div class=\"wc-block-grid__product-image\"><img decoding=\"async\" width=\"500\" height=\"500\" data-src=\"https:\/\/filtratuagua.es\/wp-content\/uploads\/2025\/07\/41vwg3CRmmL._SL500_.jpg\" class=\"attachment-woocommerce_thumbnail size-woocommerce_thumbnail lazyload\" alt=\"BRITA mypure P1 \u2013 Filtro de Agua para Grifo con Cartucho P1000 | Mejora el Sabor, Reduce Cal, Cloro y Metales | Filtraci\u00f3n Compacta y F\u00e1cil Instalaci\u00f3n\" data-srcset=\"https:\/\/filtratuagua.es\/wp-content\/uploads\/2025\/07\/41vwg3CRmmL._SL500_.jpg 500w, https:\/\/filtratuagua.es\/wp-content\/uploads\/2025\/07\/41vwg3CRmmL._SL500_-300x300.jpg 300w, https:\/\/filtratuagua.es\/wp-content\/uploads\/2025\/07\/41vwg3CRmmL._SL500_-150x150.jpg 150w, https:\/\/filtratuagua.es\/wp-content\/uploads\/2025\/07\/41vwg3CRmmL._SL500_-12x12.jpg 12w, https:\/\/filtratuagua.es\/wp-content\/uploads\/2025\/07\/41vwg3CRmmL._SL500_-100x100.jpg 100w\" data-sizes=\"(max-width: 500px) 100vw, 500px\" src=\"data:image\/svg+xml;base64,PHN2ZyB3aWR0aD0iMSIgaGVpZ2h0PSIxIiB4bWxucz0iaHR0cDovL3d3dy53My5vcmcvMjAwMC9zdmciPjwvc3ZnPg==\" style=\"--smush-placeholder-width: 500px; --smush-placeholder-aspect-ratio: 500\/500;\" \/><\/div>\n\t\t\t\t\t<div class=\"wc-block-grid__product-title\">BRITA mypure P1 \u2013 Filtro de Agua para Grifo con Cartucho P1000 | Mejora el Sabor, Reduce Cal, Cloro y Metales | Filtraci\u00f3n Compacta y F\u00e1cil Instalaci\u00f3n<\/div>\n\t\t\t\t<\/a>\n\t\t\t\t<div class=\"wc-block-grid__product-price price\"><span class=\"woocommerce-Price-amount amount\">132,99&nbsp;<span class=\"woocommerce-Price-currencySymbol\">&euro;<\/span><\/span><\/div>\n\t\t\t\t\n\t\t\t\t<div class=\"wp-block-button wc-block-grid__product-add-to-cart\"><a href=\"https:\/\/www.amazon.es\/dp\/B016UFEB2G?tag=filtratuagua-21&#038;linkCode=osi&#038;th=1&#038;psc=1\" aria-label=\"Comprar en Amazon\" data-quantity=\"1\" data-product_id=\"4822\" data-product_sku=\"B016UFEB2G\" data-price=\"132.99\" rel=\"nofollow noopener\" class=\"wp-block-button__link  add_to_cart_button\" target=\"_blank\">Comprar en Amazon<\/a><\/div>\n\t\t\t<\/li><li class=\"wc-block-grid__product\">\n\t\t\t\t<a href=\"https:\/\/filtratuagua.es\/ca\/producte\/dropson-pack-x2-lata-filtrante-para-grifo-filtro-de-agua-domestico-100-natural-600l-monitoreo-por-smartphone-apto-para-grifos-redondos\/\" class=\"wc-block-grid__product-link\">\n\t\t\t\t\t\n\t\t\t\t\t<div class=\"wc-block-grid__product-image\"><img decoding=\"async\" width=\"500\" height=\"500\" data-src=\"https:\/\/filtratuagua.es\/wp-content\/uploads\/2025\/07\/416eCPyAERS._SL500_.jpg\" class=\"attachment-woocommerce_thumbnail size-woocommerce_thumbnail lazyload\" alt=\"Dropson Pack X2 Lata Filtrante para Grifo \u2013 Filtro de Agua Dom\u00e9stico 100% Natural, 600L, Monitoreo por Smartphone, Apto para Grifos Redondos\" data-srcset=\"https:\/\/filtratuagua.es\/wp-content\/uploads\/2025\/07\/416eCPyAERS._SL500_.jpg 500w, https:\/\/filtratuagua.es\/wp-content\/uploads\/2025\/07\/416eCPyAERS._SL500_-300x300.jpg 300w, https:\/\/filtratuagua.es\/wp-content\/uploads\/2025\/07\/416eCPyAERS._SL500_-150x150.jpg 150w, https:\/\/filtratuagua.es\/wp-content\/uploads\/2025\/07\/416eCPyAERS._SL500_-12x12.jpg 12w, https:\/\/filtratuagua.es\/wp-content\/uploads\/2025\/07\/416eCPyAERS._SL500_-100x100.jpg 100w\" data-sizes=\"(max-width: 500px) 100vw, 500px\" src=\"data:image\/svg+xml;base64,PHN2ZyB3aWR0aD0iMSIgaGVpZ2h0PSIxIiB4bWxucz0iaHR0cDovL3d3dy53My5vcmcvMjAwMC9zdmciPjwvc3ZnPg==\" style=\"--smush-placeholder-width: 500px; --smush-placeholder-aspect-ratio: 500\/500;\" \/><\/div>\n\t\t\t\t\t<div class=\"wc-block-grid__product-title\">Dropson Pack X2 Lata Filtrante para Grifo \u2013 Filtro de Agua Dom\u00e9stico 100% Natural, 600L, Monitoreo por Smartphone, Apto para Grifos Redondos<\/div>\n\t\t\t\t<\/a>\n\t\t\t\t<div class=\"wc-block-grid__product-price price\"><span class=\"woocommerce-Price-amount amount\">29,95&nbsp;<span class=\"woocommerce-Price-currencySymbol\">&euro;<\/span><\/span><\/div>\n\t\t\t\t\n\t\t\t\t<div class=\"wp-block-button wc-block-grid__product-add-to-cart\"><a href=\"https:\/\/www.amazon.es\/dp\/B07TC7FJNP?tag=filtratuagua-21&#038;linkCode=osi&#038;th=1&#038;psc=1\" aria-label=\"Comprar en Amazon\" data-quantity=\"1\" data-product_id=\"4821\" data-product_sku=\"B07TC7FJNP\" data-price=\"29.95\" rel=\"nofollow noopener\" class=\"wp-block-button__link  add_to_cart_button\" target=\"_blank\">Comprar en Amazon<\/a><\/div>\n\t\t\t<\/li><li class=\"wc-block-grid__product\">\n\t\t\t\t<a href=\"https:\/\/filtratuagua.es\/ca\/producte\/filtro-de-agua-para-grifo-360-uzsuzz-pack-3-unidades-con-10-cartuchos-filtrantes-de-algodon-pp-y-3-adaptadores-universales-para-cocina-bano-y-fregadero\/\" class=\"wc-block-grid__product-link\">\n\t\t\t\t\t\n\t\t\t\t\t<div class=\"wc-block-grid__product-image\"><img decoding=\"async\" width=\"500\" height=\"500\" data-src=\"https:\/\/filtratuagua.es\/wp-content\/uploads\/2025\/07\/41c7T2FQ-yL._SL500_.jpg\" class=\"attachment-woocommerce_thumbnail size-woocommerce_thumbnail lazyload\" alt=\"Filtro de Agua para Grifo 360\u00b0 UZSUZZ | Pack 3 Unidades con 10 Cartuchos Filtrantes de Algod\u00f3n PP y 3 Adaptadores Universales para Cocina, Ba\u00f1o y Fregadero\" data-srcset=\"https:\/\/filtratuagua.es\/wp-content\/uploads\/2025\/07\/41c7T2FQ-yL._SL500_.jpg 500w, https:\/\/filtratuagua.es\/wp-content\/uploads\/2025\/07\/41c7T2FQ-yL._SL500_-300x300.jpg 300w, https:\/\/filtratuagua.es\/wp-content\/uploads\/2025\/07\/41c7T2FQ-yL._SL500_-150x150.jpg 150w, https:\/\/filtratuagua.es\/wp-content\/uploads\/2025\/07\/41c7T2FQ-yL._SL500_-12x12.jpg 12w, https:\/\/filtratuagua.es\/wp-content\/uploads\/2025\/07\/41c7T2FQ-yL._SL500_-100x100.jpg 100w\" data-sizes=\"(max-width: 500px) 100vw, 500px\" src=\"data:image\/svg+xml;base64,PHN2ZyB3aWR0aD0iMSIgaGVpZ2h0PSIxIiB4bWxucz0iaHR0cDovL3d3dy53My5vcmcvMjAwMC9zdmciPjwvc3ZnPg==\" style=\"--smush-placeholder-width: 500px; --smush-placeholder-aspect-ratio: 500\/500;\" \/><\/div>\n\t\t\t\t\t<div class=\"wc-block-grid__product-title\">Filtro de Agua para Grifo 360\u00b0 UZSUZZ | Pack 3 Unidades con 10 Cartuchos Filtrantes de Algod\u00f3n PP y 3 Adaptadores Universales para Cocina, Ba\u00f1o y Fregadero<\/div>\n\t\t\t\t<\/a>\n\t\t\t\t<div class=\"wc-block-grid__product-price price\"><span class=\"woocommerce-Price-amount amount\">15,99&nbsp;<span class=\"woocommerce-Price-currencySymbol\">&euro;<\/span><\/span><\/div>\n\t\t\t\t\n\t\t\t\t<div class=\"wp-block-button wc-block-grid__product-add-to-cart\"><a href=\"https:\/\/www.amazon.es\/dp\/B0DZJ2BDQB?tag=filtratuagua-21&#038;linkCode=osi&#038;th=1&#038;psc=1\" aria-label=\"Comprar en Amazon\" data-quantity=\"1\" data-product_id=\"4820\" data-product_sku=\"B0DZJ2BDQB\" data-price=\"15.99\" rel=\"nofollow noopener\" class=\"wp-block-button__link  add_to_cart_button\" target=\"_blank\">Comprar en Amazon<\/a><\/div>\n\t\t\t<\/li><\/ul><\/div><\/div>\n<\/div>","protected":false},"excerpt":{"rendered":"","protected":false},"author":1,"featured_media":0,"parent":0,"menu_order":0,"comment_status":"closed","ping_status":"closed","template":"","meta":{"_acf_changed":false,"footnotes":""},"class_list":["post-543","page","type-page","status-publish","hentry"],"acf":[],"_links":{"self":[{"href":"https:\/\/filtratuagua.es\/ca\/wp-json\/wp\/v2\/pages\/543","targetHints":{"allow":["GET"]}}],"collection":[{"href":"https:\/\/filtratuagua.es\/ca\/wp-json\/wp\/v2\/pages"}],"about":[{"href":"https:\/\/filtratuagua.es\/ca\/wp-json\/wp\/v2\/types\/page"}],"author":[{"embeddable":true,"href":"https:\/\/filtratuagua.es\/ca\/wp-json\/wp\/v2\/users\/1"}],"replies":[{"embeddable":true,"href":"https:\/\/filtratuagua.es\/ca\/wp-json\/wp\/v2\/comments?post=543"}],"version-history":[{"count":0,"href":"https:\/\/filtratuagua.es\/ca\/wp-json\/wp\/v2\/pages\/543\/revisions"}],"wp:attachment":[{"href":"https:\/\/filtratuagua.es\/ca\/wp-json\/wp\/v2\/media?parent=543"}],"curies":[{"name":"wp","href":"https:\/\/api.w.org\/{rel}","templated":true}]}}