{"id":1585,"date":"2025-07-02T16:57:28","date_gmt":"2025-07-02T14:57:28","guid":{"rendered":"https:\/\/filtratuagua.es\/producto\/jarra-filtradora-bwt-vida-26l-con-6-filtros-de-magnesio-mejora-el-sabor-del-agua-reduce-cal-y-cloro\/"},"modified":"2026-02-04T13:48:20","modified_gmt":"2026-02-04T12:48:20","slug":"jarra-filtradora-bwt-vida-26l-con-6-filtros-de-magnesio-mejora-el-sabor-del-agua-reduce-cal-y-cloro","status":"publish","type":"product","link":"https:\/\/filtratuagua.es\/ca\/producte\/jarra-filtradora-bwt-vida-26l-con-6-filtros-de-magnesio-mejora-el-sabor-del-agua-reduce-cal-y-cloro\/","title":{"rendered":"Jarra filtradora BWT Vida 2,6L con 6 filtros de magnesio | Mejora el sabor del agua, reduce cal y cloro"},"content":{"rendered":"","protected":false},"excerpt":{"rendered":"<p>Descubre una nueva forma de disfrutar agua pura y mineralizada en casa con la jarra filtradora BWT Vida de 2,6 litros. Equipada con tecnolog\u00eda patentada, esta innovadora jarra no solo elimina impurezas, cloro y cal del agua del grifo, sino que tambi\u00e9n la enriquece con magnesio, mejorando su sabor y aportando beneficios al bienestar general. Incluye 6 filtros, cada uno capaz de purificar hasta 120 litros de agua, lo que representa un ahorro considerable frente al consumo de agua embotellada, reduciendo adem\u00e1s el uso de pl\u00e1sticos y el impacto ambiental.\u00a0Su dise\u00f1o duradero y funcional cuenta con relleno autom\u00e1tico sin necesidad de abrir la tapa y un contador manual que te recuerda cambiar el filtro cada seis meses, asegurando un rendimiento constante. Fabricada en Europa bajo los m\u00e1s altos est\u00e1ndares de calidad, la jarra BWT es ideal para quienes desean preparar bebidas y comidas m\u00e1s sabrosas o simplemente cuidar sus electrodom\u00e9sticos prolongando su vida \u00fatil gracias a la reducci\u00f3n de cal. Adem\u00e1s, al elegir BWT, contribuyes a una causa social: parte de sus beneficios se destinan a garantizar acceso a agua potable en \u00c1frica. Una elecci\u00f3n inteligente, sostenible y c\u00f3moda para tu hogar.<\/p>\n<table>\n<tr>\n<th>Caracter\u00edstica<\/th>\n<th>Descripci\u00f3n<\/th>\n<\/tr>\n<tr>\n<td>Capacitat<\/td>\n<td>2,6 litros<\/td>\n<\/tr>\n<tr>\n<td>N\u00famero de filtros incluidos<\/td>\n<td>6 filtros con magnesio<\/td>\n<\/tr>\n<tr>\n<td>Tecnolog\u00eda de filtrado<\/td>\n<td>Filtrado con magnesio patentado<\/td>\n<\/tr>\n<tr>\n<td>Beneficios del filtrado<\/td>\n<td>Reduce cloro, cal, metales pesados e impurezas<\/td>\n<\/tr>\n<tr>\n<td>Relleno autom\u00e1tico<\/td>\n<td>S\u00ed, sin necesidad de abrir la tapa<\/td>\n<\/tr>\n<tr>\n<td>Contador manual<\/td>\n<td>Contador manual para seis meses<\/td>\n<\/tr>\n<tr>\n<td>Durabilidad<\/td>\n<td>Resistente a humedad y altas temperaturas<\/td>\n<\/tr>\n<tr>\n<td>Compromiso social<\/td>\n<td>Apoya proyectos para mejorar el acceso al agua potable en \u00c1frica<\/td>\n<\/tr>\n<tr>\n<td>Fabricaci\u00f3n<\/td>\n<td>Calidad europea<\/td>\n<\/tr>\n<\/table>","protected":false},"featured_media":4716,"comment_status":"open","ping_status":"closed","template":"","meta":{"_acf_changed":false},"product_brand":[],"product_cat":[59],"product_tag":[],"class_list":{"0":"post-1585","1":"product","2":"type-product","3":"status-publish","4":"has-post-thumbnail","6":"product_cat-jarras-de-agua-con-filtro-purificador","8":"first","9":"instock","10":"shipping-taxable","11":"product-type-external"},"acf":[],"_links":{"self":[{"href":"https:\/\/filtratuagua.es\/ca\/wp-json\/wp\/v2\/product\/1585","targetHints":{"allow":["GET"]}}],"collection":[{"href":"https:\/\/filtratuagua.es\/ca\/wp-json\/wp\/v2\/product"}],"about":[{"href":"https:\/\/filtratuagua.es\/ca\/wp-json\/wp\/v2\/types\/product"}],"replies":[{"embeddable":true,"href":"https:\/\/filtratuagua.es\/ca\/wp-json\/wp\/v2\/comments?post=1585"}],"wp:featuredmedia":[{"embeddable":true,"href":"https:\/\/filtratuagua.es\/ca\/wp-json\/wp\/v2\/media\/4716"}],"wp:attachment":[{"href":"https:\/\/filtratuagua.es\/ca\/wp-json\/wp\/v2\/media?parent=1585"}],"wp:term":[{"taxonomy":"product_brand","embeddable":true,"href":"https:\/\/filtratuagua.es\/ca\/wp-json\/wp\/v2\/product_brand?post=1585"},{"taxonomy":"product_cat","embeddable":true,"href":"https:\/\/filtratuagua.es\/ca\/wp-json\/wp\/v2\/product_cat?post=1585"},{"taxonomy":"product_tag","embeddable":true,"href":"https:\/\/filtratuagua.es\/ca\/wp-json\/wp\/v2\/product_tag?post=1585"}],"curies":[{"name":"wp","href":"https:\/\/api.w.org\/{rel}","templated":true}]}}