{"id":1610,"date":"2025-07-02T16:58:47","date_gmt":"2025-07-02T14:58:47","guid":{"rendered":"https:\/\/filtratuagua.es\/producto\/jarra-brita-aluna-blanca-2-4l-con-filtro-maxtra-reduce-cal-y-cloro-para-un-mejor-sabor\/"},"modified":"2026-02-04T13:48:18","modified_gmt":"2026-02-04T12:48:18","slug":"jarra-brita-aluna-blanca-2-4l-con-filtro-maxtra-reduce-cal-y-cloro-para-un-mejor-sabor","status":"publish","type":"product","link":"https:\/\/filtratuagua.es\/ca\/producte\/jarra-brita-aluna-blanca-2-4l-con-filtro-maxtra-reduce-cal-y-cloro-para-un-mejor-sabor\/","title":{"rendered":"Jarra BRITA Aluna Blanca 2.4L con Filtro MAXTRA+ \u2013 Reduce Cal y Cloro para un Mejor Sabor"},"content":{"rendered":"","protected":false},"excerpt":{"rendered":"<p>Disfruta de un agua m\u00e1s pura y de mejor sabor con la jarra BRITA Aluna blanca, el complemento perfecto para tu cocina y bienestar diario. Este pr\u00e1ctico sistema de filtraci\u00f3n est\u00e1 dise\u00f1ado para ofrecerte agua limpia y libre de impurezas como la cal y el cloro, dos elementos que afectan tanto el sabor como la calidad de tus bebidas calientes y fr\u00edas. Gracias a su cartucho filtrante MAXTRA+, esta jarra de agua reduce eficazmente los contaminantes que se encuentran com\u00fanmente en el agua del grifo, brind\u00e1ndote una experiencia m\u00e1s saludable y deliciosa al beber, cocinar o preparar infusiones.\u00a0Con una capacidad total de 2.4 litros, la BRITA Aluna ofrece comodidad en el uso diario para familias, oficinas o para quienes buscan un estilo de vida m\u00e1s sostenible al reducir el consumo de botellas pl\u00e1sticas. Su dise\u00f1o en color blanco aporta elegancia y funcionalidad, con un formato ergon\u00f3mico que facilita su uso y llenado. Adem\u00e1s, est\u00e1 elaborada por BRITA, una marca de confianza reconocida mundialmente por su innovaci\u00f3n en soluciones de filtraci\u00f3n de agua. Mejora tu rutina diaria con un producto eficiente, duradero y con un claro enfoque ecol\u00f3gico.<\/p>\n<table>\n<tr>\n<th>Marca<\/th>\n<td>BRITA<\/td>\n<\/tr>\n<tr>\n<th>Color<\/th>\n<td>Multicoloured (Blanco principal)<\/td>\n<\/tr>\n<tr>\n<th>Capacitat<\/th>\n<td>2.4 litros<\/td>\n<\/tr>\n<tr>\n<th>Tipus de filtre<\/th>\n<td>Cartucho MAXTRA+<\/td>\n<\/tr>\n<tr>\n<th>Funciones del filtro<\/th>\n<td>Reducci\u00f3n de cal y cloro<\/td>\n<\/tr>\n<\/table>","protected":false},"featured_media":4715,"comment_status":"open","ping_status":"closed","template":"","meta":{"_acf_changed":false},"product_brand":[],"product_cat":[59],"product_tag":[],"class_list":{"0":"post-1610","1":"product","2":"type-product","3":"status-publish","4":"has-post-thumbnail","6":"product_cat-jarras-de-agua-con-filtro-purificador","8":"first","9":"instock","10":"shipping-taxable","11":"product-type-external"},"acf":[],"_links":{"self":[{"href":"https:\/\/filtratuagua.es\/ca\/wp-json\/wp\/v2\/product\/1610","targetHints":{"allow":["GET"]}}],"collection":[{"href":"https:\/\/filtratuagua.es\/ca\/wp-json\/wp\/v2\/product"}],"about":[{"href":"https:\/\/filtratuagua.es\/ca\/wp-json\/wp\/v2\/types\/product"}],"replies":[{"embeddable":true,"href":"https:\/\/filtratuagua.es\/ca\/wp-json\/wp\/v2\/comments?post=1610"}],"wp:featuredmedia":[{"embeddable":true,"href":"https:\/\/filtratuagua.es\/ca\/wp-json\/wp\/v2\/media\/4715"}],"wp:attachment":[{"href":"https:\/\/filtratuagua.es\/ca\/wp-json\/wp\/v2\/media?parent=1610"}],"wp:term":[{"taxonomy":"product_brand","embeddable":true,"href":"https:\/\/filtratuagua.es\/ca\/wp-json\/wp\/v2\/product_brand?post=1610"},{"taxonomy":"product_cat","embeddable":true,"href":"https:\/\/filtratuagua.es\/ca\/wp-json\/wp\/v2\/product_cat?post=1610"},{"taxonomy":"product_tag","embeddable":true,"href":"https:\/\/filtratuagua.es\/ca\/wp-json\/wp\/v2\/product_tag?post=1610"}],"curies":[{"name":"wp","href":"https:\/\/api.w.org\/{rel}","templated":true}]}}