{"id":2161,"date":"2025-07-03T09:54:08","date_gmt":"2025-07-03T07:54:08","guid":{"rendered":"https:\/\/filtratuagua.es\/producto\/klar-water-recambio-de-filtro-de-agua-cartucho-compatible-con-jarras-klar-filtra-fluor-microplasticos-y-alcaliniza-el-agua\/"},"modified":"2026-02-04T13:47:42","modified_gmt":"2026-02-04T12:47:42","slug":"klar-water-recambio-de-filtro-de-agua-cartucho-compatible-con-jarras-klar-filtra-fluor-microplasticos-y-alcaliniza-el-agua","status":"publish","type":"product","link":"https:\/\/filtratuagua.es\/ca\/producte\/klar-water-recambio-de-filtro-de-agua-cartucho-compatible-con-jarras-klar-filtra-fluor-microplasticos-y-alcaliniza-el-agua\/","title":{"rendered":"Klar Water Recambio de Filtro de Agua \u2013 Cartucho Compatible con Jarras Klar \u2013 Filtra Fl\u00faor, Micropl\u00e1sticos y Alcaliniza el Agua"},"content":{"rendered":"","protected":false},"excerpt":{"rendered":"<p>Disfruta de un agua m\u00e1s saludable y pura con el recambio de filtro de agua Klar Water, dise\u00f1ado espec\u00edficamente para jarras filtradoras de la misma marca. Este cartucho de filtro de agua elimina eficazmente hasta el 95% del fl\u00faor presente tanto en el agua del grifo como en el agua embotellada, garantizando una calidad superior en cada vaso. Gracias a sus pruebas independientes realizadas en el Reino Unido, ofrece confianza y respaldo en su efectividad.<\/p>\n<p>Adem\u00e1s de su potente acci\u00f3n sobre el fl\u00faor, este filtro tambi\u00e9n retiene los micropl\u00e1sticos presentes en el agua, un beneficio clave para quienes buscan reducir su exposici\u00f3n a contaminantes invisibles del d\u00eda a d\u00eda. Otro de sus grandes atributos es su capacidad para transformar el pH del agua, volvi\u00e9ndola m\u00e1s alcalina y favoreciendo as\u00ed un estilo de vida saludable.<\/p>\n<p>Con un dise\u00f1o de larga duraci\u00f3n, cada cartucho ofrece hasta 60 d\u00edas o 350 litros de filtrado, asegurando un uso prolongado sin comprometer su eficiencia. Su sistema de filtraci\u00f3n r\u00e1pida permite disfrutar de agua limpia al instante. Importante: este filtro es exclusivamente compatible con las jarras Klar Water, asegurando un ajuste perfecto y un rendimiento \u00f3ptimo. Haz de tu hidrataci\u00f3n diaria una experiencia m\u00e1s segura, sabrosa y equilibrada con Klar Water.<\/p>\n<table>\n<tr>\n<th>Caracter\u00edstica<\/th>\n<th>Descripci\u00f3n<\/th>\n<\/tr>\n<tr>\n<td>Compatibilidad<\/td>\n<td>Solo con jarras Klar Water<\/td>\n<\/tr>\n<tr>\n<td>Reducci\u00f3n de Fl\u00faor<\/td>\n<td>Filtra hasta el 95% del fl\u00faor del agua del grifo y embotellada (testado en Reino Unido)<\/td>\n<\/tr>\n<tr>\n<td>Filtrado de Micropl\u00e1sticos<\/td>\n<td>Elimina micropl\u00e1sticos del agua del grifo y embotellada<\/td>\n<\/tr>\n<tr>\n<td>Agua Alcalina<\/td>\n<td>Modifica el pH del agua para obtener un efecto alcalino<\/td>\n<\/tr>\n<tr>\n<td>Duraci\u00f3n del Filtro<\/td>\n<td>Hasta 60 d\u00edas o 350 litros<\/td>\n<\/tr>\n<tr>\n<td>Velocidad de Filtrado<\/td>\n<td>Filtraci\u00f3n r\u00e1pida<\/td>\n<\/tr>\n<\/table>","protected":false},"featured_media":4596,"comment_status":"open","ping_status":"closed","template":"","meta":{"_acf_changed":false},"product_brand":[],"product_cat":[60],"product_tag":[],"class_list":{"0":"post-2161","1":"product","2":"type-product","3":"status-publish","4":"has-post-thumbnail","6":"product_cat-recambio-filtro-de-agua","8":"first","9":"instock","10":"shipping-taxable","11":"product-type-external"},"acf":[],"_links":{"self":[{"href":"https:\/\/filtratuagua.es\/ca\/wp-json\/wp\/v2\/product\/2161","targetHints":{"allow":["GET"]}}],"collection":[{"href":"https:\/\/filtratuagua.es\/ca\/wp-json\/wp\/v2\/product"}],"about":[{"href":"https:\/\/filtratuagua.es\/ca\/wp-json\/wp\/v2\/types\/product"}],"replies":[{"embeddable":true,"href":"https:\/\/filtratuagua.es\/ca\/wp-json\/wp\/v2\/comments?post=2161"}],"wp:featuredmedia":[{"embeddable":true,"href":"https:\/\/filtratuagua.es\/ca\/wp-json\/wp\/v2\/media\/4596"}],"wp:attachment":[{"href":"https:\/\/filtratuagua.es\/ca\/wp-json\/wp\/v2\/media?parent=2161"}],"wp:term":[{"taxonomy":"product_brand","embeddable":true,"href":"https:\/\/filtratuagua.es\/ca\/wp-json\/wp\/v2\/product_brand?post=2161"},{"taxonomy":"product_cat","embeddable":true,"href":"https:\/\/filtratuagua.es\/ca\/wp-json\/wp\/v2\/product_cat?post=2161"},{"taxonomy":"product_tag","embeddable":true,"href":"https:\/\/filtratuagua.es\/ca\/wp-json\/wp\/v2\/product_tag?post=2161"}],"curies":[{"name":"wp","href":"https:\/\/api.w.org\/{rel}","templated":true}]}}