{"id":2281,"date":"2025-07-03T12:30:16","date_gmt":"2025-07-03T10:30:16","guid":{"rendered":"https:\/\/filtratuagua.es\/producto\/dispensador-de-agua-automatico-nk-blanco-usb-recargable-portatil-sin-bpa-para-garrafas-de-1-5l-a-18-9l\/"},"modified":"2026-02-04T13:47:32","modified_gmt":"2026-02-04T12:47:32","slug":"dispensador-de-agua-automatico-nk-blanco-usb-recargable-portatil-sin-bpa-para-garrafas-de-1-5l-a-18-9l","status":"publish","type":"product","link":"https:\/\/filtratuagua.es\/ca\/producte\/dispensador-de-agua-automatico-nk-blanco-usb-recargable-portatil-sin-bpa-para-garrafas-de-1-5l-a-18-9l\/","title":{"rendered":"Dispensador de Agua Autom\u00e1tico NK Blanco \u2013 USB Recargable, Port\u00e1til, sin BPA, para Garrafas de 1.5L a 18.9L"},"content":{"rendered":"","protected":false},"excerpt":{"rendered":"<p>Haz que beber agua sea m\u00e1s c\u00f3modo con el dispensador de agua fr\u00edo autom\u00e1tico NK. Con un dise\u00f1o moderno en color blanco y materiales seguros sin BPA, este dosificador port\u00e1til est\u00e1 pensado para simplificar tu d\u00eda a d\u00eda, ya sea en casa, en la oficina o al aire libre. Gracias a su bater\u00eda recargable de 1200 mAh, con potencia de 5W, podr\u00e1s llenar de 4 a 6 garrafas de gran capacidad sin esfuerzo, funcionando como un c\u00f3modo grifo el\u00e9ctrico. <\/p>\n<p>Este pr\u00e1ctico dispensador es compatible con botellas y garrafas de 1.5L hasta 18.9L, siempre que tengan un cuello de 5.5 cm. Adem\u00e1s, incluye dos adaptadores para usarlo f\u00e1cilmente con dep\u00f3sitos de agua dom\u00e9sticos y botellas comerciales. Su manejo es muy sencillo: basta con conectar el tubo de silicona alimentario y el dosificador de acero inoxidable, adaptarlo al cabezal de la garrafa y \u00a1listo para servir agua con solo pulsar un bot\u00f3n!<\/p>\n<p>Ligero y f\u00e1cil de transportar, este gadget imprescindible te acompa\u00f1a al camping, la playa o cualquier lugar donde necesites agua potable de forma higi\u00e9nica y sin derrames. El tubo interior de silicona y el conducto de acero inoxidable garantizan una experiencia saludable, libre de olores y completamente segura. <\/p>\n<p>Ideal para quienes buscan confort, portabilidad y funcionalidad en su vida diaria.<\/p>\n<table>\n<tr>\n<th>Caracter\u00edstica<\/th>\n<th>Descripci\u00f3n<\/th>\n<\/tr>\n<tr>\n<td>Compatibilidad<\/td>\n<td>Garrafas de 1.5L, 5.7L, 10L, 11.3L, 15L y 18.9L (cuello de 5.5 cm)<\/td>\n<\/tr>\n<tr>\n<td>Bater\u00eda<\/td>\n<td>Recargable de 1200 mAh<\/td>\n<\/tr>\n<tr>\n<td>Pot\u00e8ncia<\/td>\n<td>5W<\/td>\n<\/tr>\n<tr>\n<td>Material<\/td>\n<td>Sin BPA, tubo de acero inoxidable y manguera de silicona alimentaria<\/td>\n<\/tr>\n<tr>\n<td>Puerto de carga<\/td>\n<td>USB<\/td>\n<\/tr>\n<tr>\n<td>Transportable<\/td>\n<td>S\u00ed, ideal para camping, oficina, playa y m\u00e1s<\/td>\n<\/tr>\n<tr>\n<td>Color<\/td>\n<td>Blanc<\/td>\n<\/tr>\n<tr>\n<td>Accesorios<\/td>\n<td>Incluye dos adaptadores para distintos tipos de garrafas<\/td>\n<\/tr>\n<\/table>","protected":false},"featured_media":4566,"comment_status":"open","ping_status":"closed","template":"","meta":{"_acf_changed":false},"product_brand":[],"product_cat":[63],"product_tag":[],"class_list":{"0":"post-2281","1":"product","2":"type-product","3":"status-publish","4":"has-post-thumbnail","6":"product_cat-fuente-de-agua-para-beber-en-casa","8":"first","9":"instock","10":"shipping-taxable","11":"product-type-external"},"acf":[],"_links":{"self":[{"href":"https:\/\/filtratuagua.es\/ca\/wp-json\/wp\/v2\/product\/2281","targetHints":{"allow":["GET"]}}],"collection":[{"href":"https:\/\/filtratuagua.es\/ca\/wp-json\/wp\/v2\/product"}],"about":[{"href":"https:\/\/filtratuagua.es\/ca\/wp-json\/wp\/v2\/types\/product"}],"replies":[{"embeddable":true,"href":"https:\/\/filtratuagua.es\/ca\/wp-json\/wp\/v2\/comments?post=2281"}],"wp:featuredmedia":[{"embeddable":true,"href":"https:\/\/filtratuagua.es\/ca\/wp-json\/wp\/v2\/media\/4566"}],"wp:attachment":[{"href":"https:\/\/filtratuagua.es\/ca\/wp-json\/wp\/v2\/media?parent=2281"}],"wp:term":[{"taxonomy":"product_brand","embeddable":true,"href":"https:\/\/filtratuagua.es\/ca\/wp-json\/wp\/v2\/product_brand?post=2281"},{"taxonomy":"product_cat","embeddable":true,"href":"https:\/\/filtratuagua.es\/ca\/wp-json\/wp\/v2\/product_cat?post=2281"},{"taxonomy":"product_tag","embeddable":true,"href":"https:\/\/filtratuagua.es\/ca\/wp-json\/wp\/v2\/product_tag?post=2281"}],"curies":[{"name":"wp","href":"https:\/\/api.w.org\/{rel}","templated":true}]}}