{"id":2360,"date":"2025-07-03T12:41:56","date_gmt":"2025-07-03T10:41:56","guid":{"rendered":"https:\/\/filtratuagua.es\/producto\/fuente-para-gatos-y-perros-con-led-2-5l-fuente-automatica-con-filtro-de-3-etapas-silenciosa-y-resistente-al-seco\/"},"modified":"2026-02-04T13:47:23","modified_gmt":"2026-02-04T12:47:23","slug":"fuente-para-gatos-y-perros-con-led-2-5l-fuente-automatica-con-filtro-de-3-etapas-silenciosa-y-resistente-al-seco","status":"publish","type":"product","link":"https:\/\/filtratuagua.es\/ca\/producte\/fuente-para-gatos-y-perros-con-led-2-5l-fuente-automatica-con-filtro-de-3-etapas-silenciosa-y-resistente-al-seco\/","title":{"rendered":"Fuente para Gatos y Perros con LED 2.5L \u2013 Fuente Autom\u00e1tica con Filtro de 3 Etapas, Silenciosa y Resistente al Seco"},"content":{"rendered":"","protected":false},"excerpt":{"rendered":"<p>Asegura agua fresca, limpia y saludable para tus mascotas con esta fuente autom\u00e1tica para gatos y perros. Con una capacidad de 2,5 litros, esta fuente es ideal para mantener bien hidratados a tus animales dom\u00e9sticos durante todo el d\u00eda. Incorpora un atractivo sistema de iluminaci\u00f3n LED, lo que no solo embellece el entorno de tu hogar, sino que tambi\u00e9n permite a tus mascotas visualizar f\u00e1cilmente el nivel de agua, incluso en la oscuridad. Dise\u00f1ada pensando en la seguridad y el bienestar de tu mascota, la fuente incluye un avanzado sistema de filtraci\u00f3n de tres etapas compuesto por resina, carb\u00f3n activado y una capa de tela de algod\u00f3n, que ayuda a eliminar el cloro, olores y otros contaminantes del agua. La capa exterior de poli\u00e9ster filtra a\u00fan m\u00e1s las impurezas y residuos, garantizando agua m\u00e1s pura y con mejor sabor para tu gato o perro. Fabricada con materiales seguros y certificados, esta fuente es resistente al funcionamiento en seco, protegiendo el motor en caso de falta de agua y prolongando su vida \u00fatil. Los filtros incluidos (4 unidades) tienen un tama\u00f1o aproximado de 13 x 1 cm y ofrecen una excelente relaci\u00f3n calidad-precio, cada uno con una duraci\u00f3n estimada de 3 a 4 semanas. F\u00e1cil de mantener y reemplazar, esta fuente es el complemento perfecto para el cuidado diario de tu mascota.\u2009\u2009\u2009\u2009\u2009\u2009\u2009\u2009\u2009\u2009\u2009\u2009\u2009\u2009\u2009\u2009\u2009\u2009\u2009\u2009\u2009\u2009\u2009\u2009\u2009\u2009\u2009\u2009\u2009\u2009\u2009\u2009\u2009\u2009\u2009\u2009\u2009\u2009\u2009\u2009\u2009\u2009\u2009\u2009\u2009\u2009\u2009\u2009\u2009\u2009\u2009\u2009\u2009\u2009\u2009\u2009\u2009\u2009\u2009\u2009\u2009\u2009\u2009\u2009\u2009\u2009\u2009\u2009\u2009\u2009\u2009\u2009\u2009\u2009\u2009\u2009\u2009\u2009\u2009\u2009\u2009\u2009\u2009\u2009\u2009\u2009\u2009\u2009\u2009\u2009\u2009\u2009\u2009\u2009\u2009\u2009\u2009\u2009\u2009\u2009\u2009\u2009\u2009\u2009\u2009\u2009\u2009\u2009\u2009\u2009\u2009\u2009\u2009\u2009\u2009\u2009\u2009\u2009\u2009\u2009\u2009\u2009\u2009\u2009\u2009\u2009\u2009\u2009\u2009\u2009\u2009\u2009\u2009\u2009\u2009\u2009\u2009\u2009\u2009\u2009\u2009\u2009\u2009\u2009\u2009\u2009\u2009\u2009\u2009\u2009\u2009\u2009\u2009\u2009\u2009\u2009\u2009\u2009\u2009\u2009\u2009\u2009\u2009\u2009\u2009\u2009\u2009\u2009\u2009\u2009\u2009\u2009\u2009\u2009\u2009\u2009\u2009\u2009\u2009\u2009\u2009\u2009\u2009\u2009\u2009\u2009\u2009\u2009\u2009\u2009\u2009\u2009\u2009\u2009\u2009\u2009\u2009\u2009\u2009\u2009\u2009\u2009\u2009\u2009\u2009\u2009\u2009\u2009\u2009\u2009\u2009\u2009\u2009\u2009\u2009\u2009\u2009\u2009\u2009\u2009\u2009\u2009\u2009\u2009\u2009\u2009\u2009\u2009\u2009\u2009\u2009\u2009\u2009\u2009\u2009\u2009\u2009\u2009\u2009\u2009\u2009\u2009\u2009\u2009\u2009\u2009\u2009\u2009\u2009\u2009\u2009\u2009\u2009\u2009\u2009\u2009\u2009\u2009\u2009\u2009\u2009\u2009\u2009\u2009\u2009\u2009\u2009\u2009\u2009\u2009\u2009\u2009\u2009\u2009\u2009\u2009\u2009\u2009\u2009\u2009\u2009\u2009\u2009\u2009\u2009\u2009\u2009\u2009\u2009\u2009\u2009\u2009\u2009\u2009\u2009\u2009\u2009\u2009\u2009\u2009\u2009\u2009\u2009\u2009\u2009\u2009\u2009\u2009\u2009\u2009\u2009\u2009\u2009\u2009\u2009\u2009\u2009\u2009\u2009\u2009\u2009\u2009\u2009\u2009\u2009\u2009\u2009\u2009\u2009\u2009\u2009\u2009\u2009\u2009\u2009\u2009\u2009\u2009\u2009\u2009\u2009\u2009\u2009\u2009\u2009\u2009\u2009\u2009\u2009\u2009\u2009\u2009\u2009\u2009\u2009\u2009\u2009\u2009\u2009\u2009\u2009\u2009\u2009\u2009\u2009\u2009\u2009\u2009\u2009\u2009\u2009\u2009\u2009\u2009\u2009\u2009\u2009\u2009\u2009\u2009\u2009\u2009\u2009\u2009\u2009\u2009\u2009\u2009\u2009\u2009\u2009\u2009\u2009\u2009\u2009\u2009\u2009\u2009\u2009\u2009\u2009\u2009\u2009\u2009\u2009\u2009\u2009\u2009\u2009\u2009\u2009\u2009\u2009\u2009\u2009\u2009\u2009\u2009\u2009\u2009\u2009\u2009\u2009\u2009\u2009\u2009\u2009\u2009\u2009\u2009\u2009\u2009\u2009\u2009\u2009\u2009\u2009\u2009\u2009\u2009\u2009\u2009\u2009\u2009\u2009\u2009\u2009\u2009\u2009\u2009\u2009\u2009\u2009\u2009\u2009\u2009\u2009\u2009\u2009\u2009\u2009\u2009\u2009\u2009\u2009\u2009\u2009\u2009\u2009\u2009\u2009\u2009\u2009\u2009\u2009\u2009\u2009\u2009\u2009\u2009\u2009\u2009\u2009\u2009\u2009\u2009\u2009\u2009\u2009\u2009\u2009\u2009\u2009\u2009\u2009\u2009\u2009\u2009\u2009\u2009\u2009\u2009\u2009\u2009\u2009\u2009\u2009\u2009\u2009\u2009\u2009\u2009\u2009\u2009\u2009\u2009\u2009\u2009\u2009\u2009\u2009\u2009\u2009\u2009\u2009\u2009\u2009\u2009\u2009\u2009\u2009\u2009\u2009\u2009\u2009\u2009\u2009\u2009\u2009\u2009\u2009\u2009\u2009\u2009\u2009\u2009\u2009\u2009\u2009\u2009\u2009\u2009\u2009\u2009\u2009\u2009\u2009\u2009\u2009\u2009\u2009\u2009\u2009\u2009\u2009\u2009\u2009\u2009\u2009\u2009\u2009\u2009\u2009\u2009\u2009\u2009\u2009\u2009\u2009\u2009\u2009\u2009\u2009\u2009\u2009\u2009\u2009\u2009\u2009\u2009\u2009\u2009\u2009\u2009\u2009\u2009\u2009\u2009\u2009\u2009\u2009\u2009\u2009\u2009\u2009\u2009\u2009\u2009\u2009\u2009\u2009\u2009\u2009\u2009\u2009\u2009\u2009\u2009\u2009\u2009\u2009\u2009\u2009\u2009\u2009\u2009\u2009\u2009\u2009\u2009\u2009\u2009\u2009\u2009\u2009\u2009\u2009\u2009\u2009\u2009\u2009\u2009\u2009\u2009\u2009\u2009\u2009\u2009\u2009\u2009\u2009\u2009\u2009\u2009\u2009\u2009\u2009\u2009\u2009\u2009\u2009\u2009\u2009\u2009\u2009\u2009\u2009\u2009\u2009\u2009\u2009\u2009\u2009\u2009\u2009\u2009\u2009\u2009\u2009\u2009\u2009\u2009\u2009\u2009\u2009\u2009\u2009\u2009\u2009\u2009\u2009\u2009\u2009\u2009\u2009\u2009\u2009\u2009\u2009\u2009\u2009\u2009\u2009\u2009\u2009\u2009\u2009\u2009\u2009\u2009\u2009\u2009\u2009\u2009\u2009\u2009\u2009\u2009\u2009\u2009\u2009\u2009\u2009\u2009\u2009\u2009\u2009\u2009\u2009\u2009\u2009\u2009\u2009\u2009\u2009\u2009\u2009\u2009\u2009\u2009\u2009\u2009\u2009\u2009\u2009\u2009\u2009\u2009\u2009\u2009\u2009\u2009\u2009\u2009\u2009\u2009\u2009\u2009\u2009\u2009\u2009\u2009\u2009\u2009\u2009\u2009\u2009\u2009\u2009\u2009\u2009\u2009\u2009\u2009\u2009\u2009\u2009\u2009\u2009\u2009\u2009\u2009\u2009\u2009\u2009\u2009\u2009\u2009\u2009\u2009\u2009\u2009\u2009\u2009\u2009\u2009\u2009\u2009\u2009\u2009\u2009\u2009\u2009\u2009\u2009\u2009\u2009\u2009\u2009\u2009\u2009\u2009\u2009\u2009\u2009\u2009\u2009\u2009\u2009\u2009\u2009\u2009\u2009\u2009\u2009\u2009\u2009\u2009\u2009\u2009\u2009\u2009\u2009\u2009\u2009\u2009\u2009\u2009\u2009\u2009\u2009\u2009\u2009\u2009\u2009\u2009\u2009\u2009\u2009\u2009\u2009\u2009\u2009\u2009\u2009\u2009\u2009\u2009\u2009\u2009\u2009\u2009\u2009\u2009\u2009\u2009\u2009\u2009\u2009\u2009\u2009\u2009\u2009\u2009\u2009\u2009\u2009\u2009\u2009\u2009\u2009\u2009\u2009\u2009\u2009\u2009\u2009\u2009\u2009\u2009\u2009\u2009\u2009\u2009\u2009\u2009\u2009\u2009\u2009\u2009\u2009\u2009\u2009\u2009\u2009\u2009\u2009\u2009\u2009\u2009\u2009\u2009\u2009\u2009\u2009\u2009\u2009\u2009\u2009\u2009\u2009\u2009\u2009\u2009\u2009\u2009\u2009\u2009\u2009\u2009\u2009\u2009\u2009\u2009\u2009\u2009\u2009\u2009\u2009\u2009\u2009\u2009\u2009\u2009\u2009\u2009\u2009\u2009\u2009\u2009\u2009\u2009\u2009\u2009\u2009\u2009\u2009\u2009\u2009\u2009\u2009\u2009\u2009\u2009\u2009\u2009\u2009\u2009\u2009\u2009\u2009\u2009\u2009\u2009\u2009\u2009\u2009\u2009\u2009\u2009\u2009\u2009\u2009\u2009\u2009\u2009\u2009\u2009\u2009\u2009\u2009\u2009\u2009\u2009\u2009\u2009\u2009\u2009\u2009\u2009\u2009\u2009\u2009\u2009\u2009\u2009\u2009\u2009\u2009\u2009\u2009\u2009\u2009\u2009\u2009\u2009\u2009\u2009\u2009\u2009\u2009\u2009\u2009\u2009\u2009\u2009\u2009\u2009\u2009\u2009\u2009\u2009\u2009\u2009\u2009\u2009\u2009\u2009\u2009\u2009\u2009\u2009\u2009\u2009\u2009\u2009\u2009\u2009\u2009\u2009\u2009\u2009\u2009\u2009\u2009\u2009\u2009\u2009\u2009\u2009\u2009\u2009\u2009\u2009\u2009\u2009\u2009\u2009\u2009\u2009\u2009\u2009\u2009\u2009\u2009\u2009\u2009\u2009\u2009\u2009\u2009\u2009\u2009\u2009\u2009\u2009\u2009\u2009\u2009\u2009\u2009\u2009\u2009\u2009\u2009\u2009\u2009\u2009\u2009\u2009\u2009\u2009\u2009\u2009\u2009\u2009\u2009\u2009\u2009\u2009\u2009\u2009\u2009\u2009\u2009\u2009\u2009\u2009\u2009\u2009\u2009\u2009\u2009\u2009\u2009\u2009\u2009\u2009\u2009\u2009\u2009\u2009\u2009\u2009\u2009\u2009\u2009\u2009\u2009\u2009\u2009\u2009\u2009\u2009\u2009\u2009\u2009\u2009\u2009\u2009\u2009\u2009\u2009\u2009\u2009\u2009\u2009\u2009\u2009\u2009\u2009\u2009\u2009\u2009\u2009\u2009\u2009\u2009\u2009\u2009\u2009\u2009\u2009\u2009\u2009\u2009\u2009\u2009\u2009\u2009\u2009\u2009\u2009\u2009\u2009\u2009\u2009\u2009\u2009\u2009\u2009\u2009\u2009\u2009\u2009\u2009\u2009\u2009\u2009\u2009\u2009\u2009\u2009\u2009\u2009\u2009\u2009\u2009\u2009\u2009\u2009\u2009\u2009\u2009\u2009\u2009\u2009\u2009\u2009\u2009\u2009\u2009\u2009\u2009\u2009\u2009\u2009\u2009\u2009\u2009\u2009\u2009\u2009\u2009\u2009\u2009\u2009\u2009\u2009\u2009\u2009\u2009\u2009\u2009\u2009\u2009\u2009\u2009\u2009\u2009\u2009\u2009\u2009\u2009\u2009\u2009\u2009\u2009\u2009\u2009\u2009\u2009\u2009\u2009\u2009\u2009\u2009\u2009\u2009\u2009\u2009\u2009\u2009\u2009\u2009\u2009\u2009\u2009\u2009\u2009\u2009\u2009\u2009\u2009\u2009\u2009\u2009\u2009\u2009\u2009\u2009\u2009\u2009\u2009\u2009\u2009\u2009\u2009\u2009\u2009\u2009\u2009\u2009\u2009\u2009\u2009\u2009\u2009\u2009\u2009\u2009\u2009\u2009\u2009\u2009\u2009\u2009\u2009\u2009\u2009\u2009\u2009\u2009\u2009\u2009\u2009\u2009\u2009\u2009\u2009\u2009\u2009\u2009\u2009\u2009\u2009\u2009\u2009\u2009\u2009\u2009\u2009\u2009\u2009\u2009\u2009\u2009\u2009\u2009\u2009\u2009\u2009\u2009\u2009\u2009\u2009\u2009\u2009\u2009\u2009\u2009\u2009\u2009\u2009\u2009\u2009\u2009\u2009\u2009\u2009\u2009\u2009\u2009\u2009\u2009\u2009\u2009\u2009\u2009\u2009\u2009\u2009\u2009\u2009\u2009\u2009\u2009\u2009\u2009\u2009\u2009\u2009\u2009\u2009\u2009\u2009\u2009\u2009\u2009\u2009\u2009\u2009\u2009\u2009\u2009\u2009\u2009\u2009\u2009\u2009\u2009\u2009\u2009\u2009\u2009\u2009\u2009\u2009\u2009\u2009\u2009\u2009\u2009\u2009\u2009\u2009\u2009\u2009\u2009\u2009\u2009\u2009\u2009\u2009\u2009\u2009\u2009\u2009\u2009\u2009\u2009\u2009\u2009\u2009\u2009\u2009\u2009\u2009\u2009\u2009\u2009\u2009\u2009\u2009\u2009\u2009\u2009\u2009\u2009\u2009\u2009\u2009\u2009\u2009\u2009\u2009\u2009\u2009\u2009\u2009\u2009\u2009\u2009\u2009\u2009\u2009\u2009\u2009\u2009\u2009\u2009\u2009\u2009\u2009\u2009\u2009\u2009\u2009\u2009\u2009\u2009\u2009\u2009\u2009\u2009\u2009\u2009\u2009\u2009\u2009\u2009\u2009\u2009\u2009\u2009\u2009\u2009\u2009\u2009\u2009\u2009\u2009\u2009\u2009\u2009\u2009\u2009\u2009\u2009\u2009\u2009\u2009\u2009\u2009\u2009\u2009\u2009\u2009\u2009\u2009\u2009\u2009\u2009\u2009\u2009\u2009\u2009\u2009\u2009\u2009\u2009\u2009\u2009\u2009\u2009\u2009\u2009\u2009\u2009\u2009\u2009\u2009\u2009\u2009\u2009\u2009\u2009\u2009\u2009\u2009\u2009\u2009\u2009\u2009\u2009\u2009\u2009\u2009\u2009\u2009\u2009\u2009\u2009\u2009\u2009\u2009\u2009\u2009\u2009\u2009\u2009\u2009\u2009\u2009\u2009\u2009\u2009\u2009\u2009\u2009\u2009\u2009\u2009\u2009\u2009\u2009\u2009\u2009\u2009\u2009\u2009\u2009\u2009\u2009\u2009\u2009\u2009\u2009\u2009\u2009\u2009\u2009\u2009\u2009\u2009\u2009\u2009\u2009\u2009\u2009\u2009\u2009\u2009\u2009\u2009\u2009\u2009\u2009\u2009\u2009\u2009\u2009\u2009\u2009\u2009\u2009\u2009\u2009\u2009\u2009\u2009\u2009\u2009\u2009\u2009\u2009\u2009\u2009\u2009\u2009\u2009\u2009\u2009\u2009\u2009\u2009\u2009\u2009\u2009\u2009\u2009\u2009\u2009\u2009\u2009\u2009\u2009\u2009\u2009\u2009\u2009\u2009\u2009\u2009\u2009\u2009\u2009\u2009\u2009\u2009\u2009\u2009\u2009\u2009\u2009\u2009\u2009\u2009\u2009\u2009\u2009\u2009\u2009\u2009\u2009\u2009\u2009\u2009\u2009\u2009\u2009\u2009\u2009\u2009\u2009\u2009\u2009\u2009\u2009\u2009\u2009\u2009\u2009\u2009\u2009\u2009\u2009\u2009\u2009\u2009\u2009\u2009\u2009\u2009\u2009\u2009\u2009\u2009\u2009\u2009\u2009\u2009\u2009\u2009\u2009\u2009\u2009\u2009\u2009\u2009\u2009\u2009\u2009\u2009\u2009\u2009\u2009\u2009\u2009\u2009\u2009\u2009\u2009\u2009\u2009\u2009\u2009\u2009\u2009\u2009\u2009\u2009\u2009\u2009\u2009\u2009\u2009\u2009\u2009\u2009\u2009\u2009\u2009\u2009\u2009\u2009\u2009\u2009\u2009\u2009\u2009\u2009\u2009\u2009\u2009\u2009\u2009\u2009\u2009\u2009\u2009\u2009\u2009\u2009\u2009\u2009\u2009\u2009\u2009\u2009\u2009\u2009\u2009\u2009\u2009\u2009\u2009<\/p>\n<p>Principales caracter\u00edsticas:<br \/>\n1. Capacidad de 2,5 litros, ideal para gatos y perros.<br \/>\n2. Sistema de filtraci\u00f3n de 3 etapas con resina, carb\u00f3n activado y filtro de algod\u00f3n.<br \/>\n3. Incluye luz LED para visualizaci\u00f3n nocturna del nivel de agua.<br \/>\n4. Filtros reemplazables (4 unidades) con duraci\u00f3n de 3 a 4 semanas.<br \/>\n5. Materiales seguros y fuente resistente al funcionamiento en seco.<\/p>\n<table>\n<tr>\n<th>Caracter\u00edstica<\/th>\n<th>Detalle<\/th>\n<\/tr>\n<tr>\n<td>Capacitat<\/td>\n<td>2,5 litros<\/td>\n<\/tr>\n<tr>\n<td>Sistema de filtraci\u00f3n<\/td>\n<td>3 etapas: resina, carb\u00f3n activado y algod\u00f3n<\/td>\n<\/tr>\n<tr>\n<td>Iluminaci\u00f3n<\/td>\n<td>LED integrado<\/td>\n<\/tr>\n<tr>\n<td>Filtros incluidos<\/td>\n<td>4 unidades de 13 x 1 cm<\/td>\n<\/tr>\n<tr>\n<td>Resistencia<\/td>\n<td>Protecci\u00f3n contra funcionamiento en seco<\/td>\n<\/tr>\n<\/table>","protected":false},"featured_media":4529,"comment_status":"open","ping_status":"closed","template":"","meta":{"_acf_changed":false},"product_brand":[],"product_cat":[64],"product_tag":[],"class_list":{"0":"post-2360","1":"product","2":"type-product","3":"status-publish","4":"has-post-thumbnail","6":"product_cat-fuente-de-agua-para-animales","8":"first","9":"instock","10":"shipping-taxable","11":"product-type-external"},"acf":[],"_links":{"self":[{"href":"https:\/\/filtratuagua.es\/ca\/wp-json\/wp\/v2\/product\/2360","targetHints":{"allow":["GET"]}}],"collection":[{"href":"https:\/\/filtratuagua.es\/ca\/wp-json\/wp\/v2\/product"}],"about":[{"href":"https:\/\/filtratuagua.es\/ca\/wp-json\/wp\/v2\/types\/product"}],"replies":[{"embeddable":true,"href":"https:\/\/filtratuagua.es\/ca\/wp-json\/wp\/v2\/comments?post=2360"}],"wp:featuredmedia":[{"embeddable":true,"href":"https:\/\/filtratuagua.es\/ca\/wp-json\/wp\/v2\/media\/4529"}],"wp:attachment":[{"href":"https:\/\/filtratuagua.es\/ca\/wp-json\/wp\/v2\/media?parent=2360"}],"wp:term":[{"taxonomy":"product_brand","embeddable":true,"href":"https:\/\/filtratuagua.es\/ca\/wp-json\/wp\/v2\/product_brand?post=2360"},{"taxonomy":"product_cat","embeddable":true,"href":"https:\/\/filtratuagua.es\/ca\/wp-json\/wp\/v2\/product_cat?post=2360"},{"taxonomy":"product_tag","embeddable":true,"href":"https:\/\/filtratuagua.es\/ca\/wp-json\/wp\/v2\/product_tag?post=2360"}],"curies":[{"name":"wp","href":"https:\/\/api.w.org\/{rel}","templated":true}]}}