{"id":269,"date":"2021-01-23T16:49:38","date_gmt":"2021-01-23T16:49:38","guid":{"rendered":"https:\/\/filtratuagua.es\/?page_id=269"},"modified":"2021-01-24T20:01:15","modified_gmt":"2021-01-24T20:01:15","slug":"jarras-filtradoras-de-agua","status":"publish","type":"page","link":"https:\/\/filtratuagua.es\/en\/jarras-filtradoras-de-agua\/","title":{"rendered":"Jarras filtradoras de agua"},"content":{"rendered":"<div data-elementor-type=\"wp-page\" data-elementor-id=\"269\" class=\"elementor elementor-269\" data-elementor-post-type=\"page\">\n\t\t\t\t\t\t<section class=\"elementor-section elementor-top-section elementor-element elementor-element-8bfe1f4 elementor-section-full_width elementor-section-height-min-height elementor-section-stretched elementor-section-height-default elementor-section-items-middle\" data-id=\"8bfe1f4\" data-element_type=\"section\" data-e-type=\"section\" data-settings=\"{&quot;stretch_section&quot;:&quot;section-stretched&quot;,&quot;background_background&quot;:&quot;classic&quot;,&quot;shape_divider_bottom&quot;:&quot;mountains&quot;}\">\n\t\t\t\t\t<div class=\"elementor-shape elementor-shape-bottom\" aria-hidden=\"true\" data-negative=\"false\">\n\t\t\t<svg xmlns=\"http:\/\/www.w3.org\/2000\/svg\" viewbox=\"0 0 1000 100\" preserveaspectratio=\"none\">\n\t<path class=\"elementor-shape-fill\" opacity=\"0.33\" d=\"M473,67.3c-203.9,88.3-263.1-34-320.3,0C66,119.1,0,59.7,0,59.7V0h1000v59.7 c0,0-62.1,26.1-94.9,29.3c-32.8,3.3-62.8-12.3-75.8-22.1C806,49.6,745.3,8.7,694.9,4.7S492.4,59,473,67.3z\"\/>\n\t<path class=\"elementor-shape-fill\" opacity=\"0.66\" d=\"M734,67.3c-45.5,0-77.2-23.2-129.1-39.1c-28.6-8.7-150.3-10.1-254,39.1 s-91.7-34.4-149.2,0C115.7,118.3,0,39.8,0,39.8V0h1000v36.5c0,0-28.2-18.5-92.1-18.5C810.2,18.1,775.7,67.3,734,67.3z\"\/>\n\t<path class=\"elementor-shape-fill\" d=\"M766.1,28.9c-200-57.5-266,65.5-395.1,19.5C242,1.8,242,5.4,184.8,20.6C128,35.8,132.3,44.9,89.9,52.5C28.6,63.7,0,0,0,0 h1000c0,0-9.9,40.9-83.6,48.1S829.6,47,766.1,28.9z\"\/>\n<\/svg>\t\t<\/div>\n\t\t\t\t\t<div class=\"elementor-container elementor-column-gap-no\">\n\t\t\t\t\t<div class=\"elementor-column elementor-col-100 elementor-top-column elementor-element elementor-element-e6e3d04\" data-id=\"e6e3d04\" data-element_type=\"column\" data-e-type=\"column\">\n\t\t\t<div class=\"elementor-widget-wrap\">\n\t\t\t\t\t\t\t<\/div>\n\t\t<\/div>\n\t\t\t\t\t<\/div>\n\t\t<\/section>\n\t\t\t\t<section class=\"elementor-section elementor-top-section elementor-element elementor-element-d41c240 elementor-section-full_width elementor-section-height-default elementor-section-height-default\" data-id=\"d41c240\" data-element_type=\"section\" data-e-type=\"section\">\n\t\t\t\t\t\t<div class=\"elementor-container elementor-column-gap-default\">\n\t\t\t\t\t<div class=\"elementor-column elementor-col-100 elementor-top-column elementor-element elementor-element-92289d6\" data-id=\"92289d6\" data-element_type=\"column\" data-e-type=\"column\">\n\t\t\t<div class=\"elementor-widget-wrap elementor-element-populated\">\n\t\t\t\t\t\t<div class=\"elementor-element elementor-element-b6a6294 elementor-widget elementor-widget-text-editor\" data-id=\"b6a6294\" data-element_type=\"widget\" data-e-type=\"widget\" data-widget_type=\"text-editor.default\">\n\t\t\t\t<div class=\"elementor-widget-container\">\n\t\t\t\t\t\t\t\t\t<p>La mayor\u00eda de las jarras filtradoras de agua son recipientes con filtros integrados purificadores (que deben reemplazarse, seg\u00fan la frecuencia de uso y la capacidad del envase). Algunos dependen del carb\u00f3n activo para su purificaci\u00f3n, mientras que otros son dispositivos de alta tecnolog\u00eda que vienen con su propio medidor de TDS.<\/p><p>Por ejemplo, el agua ideal, al menos para el caf\u00e9, debe tener un TDS de 80-200, un pH de 6-7 (levemente \u00e1cido o neutro), no demasiado bicarbonato ni cloro. Si quieres saber que es el TDS, te lo explicamos a continuaci\u00f3n, sigue leyendo.<\/p><p>Puedes echar un vistazo a nuestra selecci\u00f3n de las mejores jarras filtradoras de agua del mercado. Destacan por su relaci\u00f3n calidad precio.<\/p>\t\t\t\t\t\t\t\t<\/div>\n\t\t\t\t<\/div>\n\t\t\t\t\t<\/div>\n\t\t<\/div>\n\t\t\t\t\t<\/div>\n\t\t<\/section>\n\t\t\t\t<section class=\"elementor-section elementor-top-section elementor-element elementor-element-fafbdba elementor-section-boxed elementor-section-height-default elementor-section-height-default\" data-id=\"fafbdba\" data-element_type=\"section\" data-e-type=\"section\">\n\t\t\t\t\t\t<div class=\"elementor-container elementor-column-gap-default\">\n\t\t\t\t\t<div class=\"elementor-column elementor-col-100 elementor-top-column elementor-element elementor-element-163ca20\" data-id=\"163ca20\" data-element_type=\"column\" data-e-type=\"column\">\n\t\t\t<div class=\"elementor-widget-wrap elementor-element-populated\">\n\t\t\t\t\t\t<div class=\"elementor-element elementor-element-1e5567b elementor-widget elementor-widget-heading\" data-id=\"1e5567b\" data-element_type=\"widget\" data-e-type=\"widget\" data-widget_type=\"heading.default\">\n\t\t\t\t<div class=\"elementor-widget-container\">\n\t\t\t\t\t<h2 class=\"elementor-heading-title elementor-size-default\">Cat\u00e1logo de Jarras filtradoras de agua al mejor precio:<\/h2>\t\t\t\t<\/div>\n\t\t\t\t<\/div>\n\t\t\t\t\t<\/div>\n\t\t<\/div>\n\t\t\t\t\t<\/div>\n\t\t<\/section>\n\t\t\t\t<section class=\"elementor-section elementor-top-section elementor-element elementor-element-c4e1303 elementor-section-boxed elementor-section-height-default elementor-section-height-default\" data-id=\"c4e1303\" data-element_type=\"section\" data-e-type=\"section\">\n\t\t\t\t\t\t<div class=\"elementor-container elementor-column-gap-default\">\n\t\t\t\t\t<div class=\"elementor-column elementor-col-100 elementor-top-column elementor-element elementor-element-bab26a5\" data-id=\"bab26a5\" data-element_type=\"column\" data-e-type=\"column\">\n\t\t\t<div class=\"elementor-widget-wrap elementor-element-populated\">\n\t\t\t\t\t\t<div class=\"elementor-element elementor-element-96e8bb6 elementor-widget elementor-widget-shortcode\" data-id=\"96e8bb6\" data-element_type=\"widget\" data-e-type=\"widget\" data-widget_type=\"shortcode.default\">\n\t\t\t\t<div class=\"elementor-widget-container\">\n\t\t\t\t\t\t\t<div class=\"elementor-shortcode\"><div class=\"facetwp-template\" data-name=\"productos_jarras\"><div class=\"parrilla\">\n<\/div><\/div><\/div>\n\t\t\t\t\t\t<\/div>\n\t\t\t\t<\/div>\n\t\t\t\t\t<\/div>\n\t\t<\/div>\n\t\t\t\t\t<\/div>\n\t\t<\/section>\n\t\t\t\t<section class=\"elementor-section elementor-top-section elementor-element elementor-element-09906fe elementor-section-boxed elementor-section-height-default elementor-section-height-default\" data-id=\"09906fe\" data-element_type=\"section\" data-e-type=\"section\">\n\t\t\t\t\t\t<div class=\"elementor-container elementor-column-gap-default\">\n\t\t\t\t\t<div class=\"elementor-column elementor-col-100 elementor-top-column elementor-element elementor-element-c47d86c\" data-id=\"c47d86c\" data-element_type=\"column\" data-e-type=\"column\">\n\t\t\t<div class=\"elementor-widget-wrap elementor-element-populated\">\n\t\t\t\t\t\t<div class=\"elementor-element elementor-element-9938eaa elementor-widget elementor-widget-heading\" data-id=\"9938eaa\" data-element_type=\"widget\" data-e-type=\"widget\" data-widget_type=\"heading.default\">\n\t\t\t\t<div class=\"elementor-widget-container\">\n\t\t\t\t\t<h2 class=\"elementor-heading-title elementor-size-default\">\u00bfCu\u00e1l es el TDS?<\/h2>\t\t\t\t<\/div>\n\t\t\t\t<\/div>\n\t\t\t\t<div class=\"elementor-element elementor-element-fa9f173 elementor-widget elementor-widget-text-editor\" data-id=\"fa9f173\" data-element_type=\"widget\" data-e-type=\"widget\" data-widget_type=\"text-editor.default\">\n\t\t\t\t<div class=\"elementor-widget-container\">\n\t\t\t\t\t\t\t\t\tTDS es la abreviatura en ingl\u00e9s de \u201cTotal Dissolved Solids\u201d, en espa\u00f1ol, \u201cTotal de S\u00f3lidos Disueltos\u201d y lo que ofrecen los datos de TDS es medir la concentraci\u00f3n de residuos s\u00f3lidos disueltos en un porcentaje de agua.\n\nLos TDS se componen de sales inorg\u00e1nicas. Las sales inorg\u00e1nicas comunes presentes en el agua son minerales como el magnesio, sodio, calcio, potasio&#8230;\t\t\t\t\t\t\t\t<\/div>\n\t\t\t\t<\/div>\n\t\t\t\t<div class=\"elementor-element elementor-element-b55b7d5 elementor-widget elementor-widget-heading\" data-id=\"b55b7d5\" data-element_type=\"widget\" data-e-type=\"widget\" data-widget_type=\"heading.default\">\n\t\t\t\t<div class=\"elementor-widget-container\">\n\t\t\t\t\t<h2 class=\"elementor-heading-title elementor-size-default\">Las jarras filtradoras de agua consiguen alrededor de un 85% menos de cloro y de plomo<\/h2>\t\t\t\t<\/div>\n\t\t\t\t<\/div>\n\t\t\t\t<div class=\"elementor-element elementor-element-60d92ff elementor-widget elementor-widget-text-editor\" data-id=\"60d92ff\" data-element_type=\"widget\" data-e-type=\"widget\" data-widget_type=\"text-editor.default\">\n\t\t\t\t<div class=\"elementor-widget-container\">\n\t\t\t\t\t\t\t\t\t<p>Seg\u00fan un estudio realizado por el departamento de Nutrici\u00f3n y Bromatolog\u00eda de la Facultad de Farmacia de Barcelona, los\u00a0<strong>filtros de las jarras purificadoras de agua<\/strong>\u00a0pueden llegar a\u00a0<strong>reducir en torno a un 85% los niveles de plomo y cloro del agua<\/strong>. En el caso del aluminio y el cobre, la reducci\u00f3n puede ser incluso mayor. Los an\u00e1lisis de las muestras de agua que han realizado en este estudio ha demostrado que <strong>el uso de filtros es efectivo en la reducci\u00f3n del olor a cloro, sal y tierra o moho<\/strong>.<\/p>\t\t\t\t\t\t\t\t<\/div>\n\t\t\t\t<\/div>\n\t\t\t\t\t<\/div>\n\t\t<\/div>\n\t\t\t\t\t<\/div>\n\t\t<\/section>\n\t\t\t\t<section class=\"elementor-section elementor-top-section elementor-element elementor-element-b8dade7 oferta elementor-section-boxed elementor-section-height-default elementor-section-height-default\" data-id=\"b8dade7\" data-element_type=\"section\" data-e-type=\"section\">\n\t\t\t\t\t\t<div class=\"elementor-container elementor-column-gap-default\">\n\t\t\t\t\t<div class=\"elementor-column elementor-col-100 elementor-top-column elementor-element elementor-element-97e2c4c\" data-id=\"97e2c4c\" data-element_type=\"column\" data-e-type=\"column\">\n\t\t\t<div class=\"elementor-widget-wrap elementor-element-populated\">\n\t\t\t\t\t\t<div class=\"elementor-element elementor-element-11dd6a6 elementor-widget elementor-widget-heading\" data-id=\"11dd6a6\" data-element_type=\"widget\" data-e-type=\"widget\" data-widget_type=\"heading.default\">\n\t\t\t\t<div class=\"elementor-widget-container\">\n\t\t\t\t\t<h2 class=\"elementor-heading-title elementor-size-default\">\u00a1MEJOR OFERTA!<\/h2>\t\t\t\t<\/div>\n\t\t\t\t<\/div>\n\t\t\t\t<section class=\"elementor-section elementor-inner-section elementor-element elementor-element-5d25166 elementor-section-boxed elementor-section-height-default elementor-section-height-default\" data-id=\"5d25166\" data-element_type=\"section\" data-e-type=\"section\">\n\t\t\t\t\t\t<div class=\"elementor-container elementor-column-gap-default\">\n\t\t\t\t\t<div class=\"elementor-column elementor-col-50 elementor-inner-column elementor-element elementor-element-839c23f\" data-id=\"839c23f\" data-element_type=\"column\" data-e-type=\"column\">\n\t\t\t<div class=\"elementor-widget-wrap elementor-element-populated\">\n\t\t\t\t\t\t<div class=\"elementor-element elementor-element-012b29b elementor-widget elementor-widget-image\" data-id=\"012b29b\" data-element_type=\"widget\" data-e-type=\"widget\" data-widget_type=\"image.default\">\n\t\t\t\t<div class=\"elementor-widget-container\">\n\t\t\t\t\t\t\t\t\t\t\t\t\t\t\t\t<a href=\"https:\/\/amzn.to\/2Mkn928\" rel=\"nofollow noopener\" target=\"_blank\">\n\t\t\t\t\t\t\t<img fetchpriority=\"high\" decoding=\"async\" width=\"580\" height=\"492\" src=\"https:\/\/filtratuagua.es\/wp-content\/uploads\/2021\/01\/Pack-12-cartuchos-Jarra-de-agua-filtrada-Brita.png\" class=\"attachment-large size-large wp-image-302\" alt=\"Pack 12 cartuchos Jarra filtradora de agua Brita\" srcset=\"https:\/\/filtratuagua.es\/wp-content\/uploads\/2021\/01\/Pack-12-cartuchos-Jarra-de-agua-filtrada-Brita.png 580w, https:\/\/filtratuagua.es\/wp-content\/uploads\/2021\/01\/Pack-12-cartuchos-Jarra-de-agua-filtrada-Brita-300x254.png 300w\" sizes=\"(max-width: 580px) 100vw, 580px\" \/>\t\t\t\t\t\t\t\t<\/a>\n\t\t\t\t\t\t\t\t\t\t\t\t\t\t\t<\/div>\n\t\t\t\t<\/div>\n\t\t\t\t<div class=\"elementor-element elementor-element-1caef2e elementor-widget elementor-widget-text-editor\" data-id=\"1caef2e\" data-element_type=\"widget\" data-e-type=\"widget\" data-widget_type=\"text-editor.default\">\n\t\t\t\t<div class=\"elementor-widget-container\">\n\t\t\t\t\t\t\t\t\t<p><a href=\"https:\/\/amzn.to\/2Mkn928\" rel=\"nofollow noopener\" target=\"_blank\">60,90\u20ac<\/a><\/p>\t\t\t\t\t\t\t\t<\/div>\n\t\t\t\t<\/div>\n\t\t\t\t\t<\/div>\n\t\t<\/div>\n\t\t\t\t<div class=\"elementor-column elementor-col-50 elementor-inner-column elementor-element elementor-element-21e2280\" data-id=\"21e2280\" data-element_type=\"column\" data-e-type=\"column\">\n\t\t\t<div class=\"elementor-widget-wrap elementor-element-populated\">\n\t\t\t\t\t\t<div class=\"elementor-element elementor-element-13c1ac2 elementor-widget elementor-widget-heading\" data-id=\"13c1ac2\" data-element_type=\"widget\" data-e-type=\"widget\" data-widget_type=\"heading.default\">\n\t\t\t\t<div class=\"elementor-widget-container\">\n\t\t\t\t\t<h3 class=\"elementor-heading-title elementor-size-default\">Brita Marella PACK AHORRO con 12 cartuchos<\/h3>\t\t\t\t<\/div>\n\t\t\t\t<\/div>\n\t\t\t\t<div class=\"elementor-element elementor-element-d235dc0 elementor-widget elementor-widget-text-editor\" data-id=\"d235dc0\" data-element_type=\"widget\" data-e-type=\"widget\" data-widget_type=\"text-editor.default\">\n\t\t\t\t<div class=\"elementor-widget-container\">\n\t\t\t\t\t\t\t\t\t<ul><li>El filtro Maxtra+ purifica el agua eliminando la mayor\u00eda de metales pesados a\u00f1adidos por las tuber\u00edas dom\u00e9sticas ofreciendo un mejor sabor y olor.<\/li><li>Capacidad total de agua filtrada: 1.4L<\/li><li>Medidas de la jarra: 26.0 x 9.0 x 25.0 cm<\/li><li>Los12 cartuchos filtradores de agua ofrecen m\u00e1s de 1.000 litros de agua filtrada y hasta 1 a\u00f1o dependiendo de su consumo.<\/li><li>Todos los materiales de la jarra que estan en contacto con el agua est\u00e1n libres de Bisfenol A (BPA)<\/li><li>Color del cartucho: blanco, color de la jarra: blanco<\/li><\/ul>\t\t\t\t\t\t\t\t<\/div>\n\t\t\t\t<\/div>\n\t\t\t\t<div class=\"elementor-element elementor-element-116092b elementor-widget elementor-widget-button\" data-id=\"116092b\" data-element_type=\"widget\" data-e-type=\"widget\" data-widget_type=\"button.default\">\n\t\t\t\t<div class=\"elementor-widget-container\">\n\t\t\t\t\t\t\t\t\t<div class=\"elementor-button-wrapper\">\n\t\t\t\t\t<a class=\"elementor-button elementor-button-link elementor-size-sm\" href=\"https:\/\/amzn.to\/2Mkn928\" rel=\"nofollow noopener\" target=\"_blank\">\n\t\t\t\t\t\t<span class=\"elementor-button-content-wrapper\">\n\t\t\t\t\t\t<span class=\"elementor-button-icon\">\n\t\t\t\t<i aria-hidden=\"true\" class=\"fab fa-amazon\"><\/i>\t\t\t<\/span>\n\t\t\t\t\t\t\t\t\t<span class=\"elementor-button-text\">Ver producto<\/span>\n\t\t\t\t\t<\/span>\n\t\t\t\t\t<\/a>\n\t\t\t\t<\/div>\n\t\t\t\t\t\t\t\t<\/div>\n\t\t\t\t<\/div>\n\t\t\t\t\t<\/div>\n\t\t<\/div>\n\t\t\t\t\t<\/div>\n\t\t<\/section>\n\t\t\t\t\t<\/div>\n\t\t<\/div>\n\t\t\t\t\t<\/div>\n\t\t<\/section>\n\t\t\t\t<section class=\"elementor-section elementor-top-section elementor-element elementor-element-55f828a elementor-section-boxed elementor-section-height-default elementor-section-height-default\" data-id=\"55f828a\" data-element_type=\"section\" data-e-type=\"section\">\n\t\t\t\t\t\t<div class=\"elementor-container elementor-column-gap-default\">\n\t\t\t\t\t<div class=\"elementor-column elementor-col-100 elementor-top-column elementor-element elementor-element-d4b7c35\" data-id=\"d4b7c35\" data-element_type=\"column\" data-e-type=\"column\">\n\t\t\t<div class=\"elementor-widget-wrap elementor-element-populated\">\n\t\t\t\t\t\t<div class=\"elementor-element elementor-element-79b08a5 elementor-widget elementor-widget-heading\" data-id=\"79b08a5\" data-element_type=\"widget\" data-e-type=\"widget\" data-widget_type=\"heading.default\">\n\t\t\t\t<div class=\"elementor-widget-container\">\n\t\t\t\t\t<h2 class=\"elementor-heading-title elementor-size-default\">Te mostramos las ventajas de obtener una Jarra filtradora de agua, tambi\u00e9n llamadas jarras purificadoras de agua<\/h2>\t\t\t\t<\/div>\n\t\t\t\t<\/div>\n\t\t\t\t\t<\/div>\n\t\t<\/div>\n\t\t\t\t\t<\/div>\n\t\t<\/section>\n\t\t\t\t<section class=\"elementor-section elementor-top-section elementor-element elementor-element-49ca536 elementor-section-boxed elementor-section-height-default elementor-section-height-default\" data-id=\"49ca536\" data-element_type=\"section\" data-e-type=\"section\">\n\t\t\t\t\t\t<div class=\"elementor-container elementor-column-gap-default\">\n\t\t\t\t\t<div class=\"elementor-column elementor-col-50 elementor-top-column elementor-element elementor-element-fa032ea\" data-id=\"fa032ea\" data-element_type=\"column\" data-e-type=\"column\">\n\t\t\t<div class=\"elementor-widget-wrap elementor-element-populated\">\n\t\t\t\t\t\t<div class=\"elementor-element elementor-element-302412c elementor-widget elementor-widget-text-editor\" data-id=\"302412c\" data-element_type=\"widget\" data-e-type=\"widget\" data-widget_type=\"text-editor.default\">\n\t\t\t\t<div class=\"elementor-widget-container\">\n\t\t\t\t\t\t\t\t\t<ul><li><strong>BAJO COSTE DE COMPRA<\/strong><br \/><p>Una de las principales ventajas de las jarras purificadoras de agua es su bajo precio de entrada, en la mayoria de casos suelen ser mucho m\u00e1s economicos que tener sistemas de filtraci\u00f3n de agua como la Osmosis o los filtros de agua para grifos.<br \/><br \/>Dependiendo de la marca de la jarra filtradora de agua, los precios oscilan entre los 15\u20ac y los 50\u20ac. A menudo suelen ofrecer packs de oferta con la jarra de agua y sus filtros de recambios, con lo que pueden llegar a ofrecerle una duraci\u00f3n sin tener que comprar recambios de hasta 12 meses.<\/p><\/li><li><strong>EFICACIA EN LA FILTRACI\u00d3N DEL AGUA<br \/><\/strong>Hoy en dia las jarras con filtro de agua tienen un eficacia contrastada y ayudan e eliminar los metales pesados que puede contener el agua que llega por las tuber\u00edas de su municipio o vecindario. Filtran contaminantes como el cloro, sulfuro de hidr\u00f3geno, magnesio entre otros, que aunque en cantidades muy bajas no suelen ser da\u00f1inos, si que dan mal sabor al agua.<br \/><br \/><\/li><li><p><strong>F\u00c1CIL DE USAR<\/strong><br \/>Pocas cosas son m\u00e1s simples que una jarra de agua, que se puede llenar c\u00f3modamente con el agua de un grifo y cada poco tiempo (2 o 3 meses, dependiendo de la frecuencia de uso) cambiar el filtro en menos de 1 minuto.<br \/>Esta suele ser la principal raz\u00f3n por la que muchas personas utilizan esta manera de obtener el agua filtrada por delante de una osmosis inversa o filtros debajo del fregadero.<\/p><\/li><li><p><strong>F\u00c1CIL PORTABILIDAD<\/strong><br \/>Tener la opci\u00f3n de poder llevar el agua filtrada cuando viajas en lugar de la agua embotellada ayuda al medio ambiente, menos pl\u00e1stico y puedes llegar a cualquier sitio y filtrar el agua del grifo para que tenga buen sabor. Las jarras filtradoras de agua suelen pesar entre 0.8KG y 1 KG, con lo que no es muy costoso poderla llevar de un sitio para otro y tener la seguridad de que el agua que vas a beber estar\u00e1 filtrada y ser\u00e1 saludable.<\/p><\/li><\/ul>\t\t\t\t\t\t\t\t<\/div>\n\t\t\t\t<\/div>\n\t\t\t\t\t<\/div>\n\t\t<\/div>\n\t\t\t\t<div class=\"elementor-column elementor-col-50 elementor-top-column elementor-element elementor-element-eccfc2b\" data-id=\"eccfc2b\" data-element_type=\"column\" data-e-type=\"column\">\n\t\t\t<div class=\"elementor-widget-wrap elementor-element-populated\">\n\t\t\t\t\t\t<div class=\"elementor-element elementor-element-71fd684 elementor-widget elementor-widget-image\" data-id=\"71fd684\" data-element_type=\"widget\" data-e-type=\"widget\" data-widget_type=\"image.default\">\n\t\t\t\t<div class=\"elementor-widget-container\">\n\t\t\t\t\t\t\t\t\t\t\t\t\t\t\t<img decoding=\"async\" width=\"683\" height=\"1024\" data-src=\"https:\/\/filtratuagua.es\/wp-content\/uploads\/2021\/01\/copa-de-agua-683x1024.jpg\" class=\"attachment-large size-large wp-image-316 lazyload\" alt=\"\" data-srcset=\"https:\/\/filtratuagua.es\/wp-content\/uploads\/2021\/01\/copa-de-agua-683x1024.jpg 683w, https:\/\/filtratuagua.es\/wp-content\/uploads\/2021\/01\/copa-de-agua-scaled-655x983.jpg 655w, https:\/\/filtratuagua.es\/wp-content\/uploads\/2021\/01\/copa-de-agua-200x300.jpg 200w, https:\/\/filtratuagua.es\/wp-content\/uploads\/2021\/01\/copa-de-agua-768x1152.jpg 768w, https:\/\/filtratuagua.es\/wp-content\/uploads\/2021\/01\/copa-de-agua-1024x1536.jpg 1024w, https:\/\/filtratuagua.es\/wp-content\/uploads\/2021\/01\/copa-de-agua-1365x2048.jpg 1365w, https:\/\/filtratuagua.es\/wp-content\/uploads\/2021\/01\/copa-de-agua-scaled.jpg 1706w\" data-sizes=\"(max-width: 683px) 100vw, 683px\" src=\"data:image\/svg+xml;base64,PHN2ZyB3aWR0aD0iMSIgaGVpZ2h0PSIxIiB4bWxucz0iaHR0cDovL3d3dy53My5vcmcvMjAwMC9zdmciPjwvc3ZnPg==\" style=\"--smush-placeholder-width: 683px; --smush-placeholder-aspect-ratio: 683\/1024;\" \/>\t\t\t\t\t\t\t\t\t\t\t\t\t\t\t<\/div>\n\t\t\t\t<\/div>\n\t\t\t\t\t<\/div>\n\t\t<\/div>\n\t\t\t\t\t<\/div>\n\t\t<\/section>\n\t\t\t\t<\/div>","protected":false},"excerpt":{"rendered":"<p>La mayor\u00eda de las jarras filtradoras de agua son recipientes con filtros integrados purificadores (que deben reemplazarse, seg\u00fan la frecuencia de uso y la capacidad del envase). Algunos dependen del carb\u00f3n activo para su purificaci\u00f3n, mientras que otros son dispositivos de alta tecnolog\u00eda que vienen con su propio medidor de TDS. Por ejemplo, el agua [&hellip;]<\/p>","protected":false},"author":1,"featured_media":0,"parent":0,"menu_order":0,"comment_status":"closed","ping_status":"open","template":"","meta":{"_acf_changed":false,"footnotes":""},"class_list":["post-269","page","type-page","status-publish","hentry"],"acf":[],"_links":{"self":[{"href":"https:\/\/filtratuagua.es\/en\/wp-json\/wp\/v2\/pages\/269","targetHints":{"allow":["GET"]}}],"collection":[{"href":"https:\/\/filtratuagua.es\/en\/wp-json\/wp\/v2\/pages"}],"about":[{"href":"https:\/\/filtratuagua.es\/en\/wp-json\/wp\/v2\/types\/page"}],"author":[{"embeddable":true,"href":"https:\/\/filtratuagua.es\/en\/wp-json\/wp\/v2\/users\/1"}],"replies":[{"embeddable":true,"href":"https:\/\/filtratuagua.es\/en\/wp-json\/wp\/v2\/comments?post=269"}],"version-history":[{"count":0,"href":"https:\/\/filtratuagua.es\/en\/wp-json\/wp\/v2\/pages\/269\/revisions"}],"wp:attachment":[{"href":"https:\/\/filtratuagua.es\/en\/wp-json\/wp\/v2\/media?parent=269"}],"curies":[{"name":"wp","href":"https:\/\/api.w.org\/{rel}","templated":true}]}}