{"id":28,"date":"2021-01-17T15:35:10","date_gmt":"2021-01-17T15:35:10","guid":{"rendered":"http:\/\/filtratuagua.es\/?page_id=28"},"modified":"2021-01-24T20:08:59","modified_gmt":"2021-01-24T20:08:59","slug":"dispensadores-de-agua-filtrada","status":"publish","type":"page","link":"https:\/\/filtratuagua.es\/en\/dispensadores-de-agua-filtrada\/","title":{"rendered":"Dispensadores de agua filtrada"},"content":{"rendered":"<div data-elementor-type=\"wp-page\" data-elementor-id=\"28\" class=\"elementor elementor-28\" data-elementor-post-type=\"page\">\n\t\t\t\t\t\t<section class=\"elementor-section elementor-top-section elementor-element elementor-element-2c473c4 elementor-section-full_width elementor-section-height-min-height elementor-section-stretched elementor-section-height-default elementor-section-items-middle\" data-id=\"2c473c4\" data-element_type=\"section\" data-e-type=\"section\" data-settings=\"{&quot;stretch_section&quot;:&quot;section-stretched&quot;,&quot;background_background&quot;:&quot;classic&quot;,&quot;shape_divider_bottom&quot;:&quot;mountains&quot;}\">\n\t\t\t\t\t<div class=\"elementor-shape elementor-shape-bottom\" aria-hidden=\"true\" data-negative=\"false\">\n\t\t\t<svg xmlns=\"http:\/\/www.w3.org\/2000\/svg\" viewbox=\"0 0 1000 100\" preserveaspectratio=\"none\">\n\t<path class=\"elementor-shape-fill\" opacity=\"0.33\" d=\"M473,67.3c-203.9,88.3-263.1-34-320.3,0C66,119.1,0,59.7,0,59.7V0h1000v59.7 c0,0-62.1,26.1-94.9,29.3c-32.8,3.3-62.8-12.3-75.8-22.1C806,49.6,745.3,8.7,694.9,4.7S492.4,59,473,67.3z\"\/>\n\t<path class=\"elementor-shape-fill\" opacity=\"0.66\" d=\"M734,67.3c-45.5,0-77.2-23.2-129.1-39.1c-28.6-8.7-150.3-10.1-254,39.1 s-91.7-34.4-149.2,0C115.7,118.3,0,39.8,0,39.8V0h1000v36.5c0,0-28.2-18.5-92.1-18.5C810.2,18.1,775.7,67.3,734,67.3z\"\/>\n\t<path class=\"elementor-shape-fill\" d=\"M766.1,28.9c-200-57.5-266,65.5-395.1,19.5C242,1.8,242,5.4,184.8,20.6C128,35.8,132.3,44.9,89.9,52.5C28.6,63.7,0,0,0,0 h1000c0,0-9.9,40.9-83.6,48.1S829.6,47,766.1,28.9z\"\/>\n<\/svg>\t\t<\/div>\n\t\t\t\t\t<div class=\"elementor-container elementor-column-gap-no\">\n\t\t\t\t\t<div class=\"elementor-column elementor-col-100 elementor-top-column elementor-element elementor-element-50ee515\" data-id=\"50ee515\" data-element_type=\"column\" data-e-type=\"column\">\n\t\t\t<div class=\"elementor-widget-wrap\">\n\t\t\t\t\t\t\t<\/div>\n\t\t<\/div>\n\t\t\t\t\t<\/div>\n\t\t<\/section>\n\t\t\t\t<section class=\"elementor-section elementor-top-section elementor-element elementor-element-9da5a8a elementor-section-boxed elementor-section-height-default elementor-section-height-default\" data-id=\"9da5a8a\" data-element_type=\"section\" data-e-type=\"section\">\n\t\t\t\t\t\t<div class=\"elementor-container elementor-column-gap-default\">\n\t\t\t\t\t<div class=\"elementor-column elementor-col-100 elementor-top-column elementor-element elementor-element-8c6192d\" data-id=\"8c6192d\" data-element_type=\"column\" data-e-type=\"column\">\n\t\t\t<div class=\"elementor-widget-wrap elementor-element-populated\">\n\t\t\t\t\t\t<div class=\"elementor-element elementor-element-e2d150d elementor-widget elementor-widget-text-editor\" data-id=\"e2d150d\" data-element_type=\"widget\" data-e-type=\"widget\" data-widget_type=\"text-editor.default\">\n\t\t\t\t<div class=\"elementor-widget-container\">\n\t\t\t\t\t\t\t\t\t<p>Si no quieres andar rellenando jarras de agua filtrada con capacidades peque\u00f1as (que van de 1L a 2L) te recomendamos los dispensadores de agua con filtro, para tener un mejor sabor y olor al consumirla y la comodidad de no tener que rellenarla tan a menudo.<\/p><p>Los dispensadores de agua filtrada son ideales en sitios amplios y c\u00f3modos como oficinas, comedores, despachos entre otros. Algunos dispensadores adem\u00e1s de purificar el agua tambi\u00e9n la enfr\u00edan para que siempre est\u00e9 a la temperatura ideal.<\/p>\t\t\t\t\t\t\t\t<\/div>\n\t\t\t\t<\/div>\n\t\t\t\t<div class=\"elementor-element elementor-element-e3c6ebe elementor-widget elementor-widget-heading\" data-id=\"e3c6ebe\" data-element_type=\"widget\" data-e-type=\"widget\" data-widget_type=\"heading.default\">\n\t\t\t\t<div class=\"elementor-widget-container\">\n\t\t\t\t\t<h2 class=\"elementor-heading-title elementor-size-default\">Cat\u00e1logo de Dispensadores de agua con filtro al mejor precio:<\/h2>\t\t\t\t<\/div>\n\t\t\t\t<\/div>\n\t\t\t\t\t<\/div>\n\t\t<\/div>\n\t\t\t\t\t<\/div>\n\t\t<\/section>\n\t\t\t\t<section class=\"elementor-section elementor-top-section elementor-element elementor-element-c4a20ee elementor-section-boxed elementor-section-height-default elementor-section-height-default\" data-id=\"c4a20ee\" data-element_type=\"section\" data-e-type=\"section\">\n\t\t\t\t\t\t<div class=\"elementor-container elementor-column-gap-default\">\n\t\t\t\t\t<div class=\"elementor-column elementor-col-100 elementor-top-column elementor-element elementor-element-c3673ca\" data-id=\"c3673ca\" data-element_type=\"column\" data-e-type=\"column\">\n\t\t\t<div class=\"elementor-widget-wrap elementor-element-populated\">\n\t\t\t\t\t\t<div class=\"elementor-element elementor-element-0d4d361 elementor-widget elementor-widget-shortcode\" data-id=\"0d4d361\" data-element_type=\"widget\" data-e-type=\"widget\" data-widget_type=\"shortcode.default\">\n\t\t\t\t<div class=\"elementor-widget-container\">\n\t\t\t\t\t\t\t<div class=\"elementor-shortcode\"><div class=\"facetwp-template\" data-name=\"dispensador_de_agua\"><div class=\"parrilla\">\n<\/div><\/div><\/div>\n\t\t\t\t\t\t<\/div>\n\t\t\t\t<\/div>\n\t\t\t\t\t<\/div>\n\t\t<\/div>\n\t\t\t\t\t<\/div>\n\t\t<\/section>\n\t\t\t\t<section class=\"elementor-section elementor-top-section elementor-element elementor-element-4d99013 elementor-section-boxed elementor-section-height-default elementor-section-height-default\" data-id=\"4d99013\" data-element_type=\"section\" data-e-type=\"section\">\n\t\t\t\t\t\t<div class=\"elementor-container elementor-column-gap-default\">\n\t\t\t\t\t<div class=\"elementor-column elementor-col-100 elementor-top-column elementor-element elementor-element-af8036f\" data-id=\"af8036f\" data-element_type=\"column\" data-e-type=\"column\">\n\t\t\t<div class=\"elementor-widget-wrap elementor-element-populated\">\n\t\t\t\t\t\t<div class=\"elementor-element elementor-element-3cdd40a elementor-widget elementor-widget-heading\" data-id=\"3cdd40a\" data-element_type=\"widget\" data-e-type=\"widget\" data-widget_type=\"heading.default\">\n\t\t\t\t<div class=\"elementor-widget-container\">\n\t\t\t\t\t<h2 class=\"elementor-heading-title elementor-size-default\">Ventajas de los dispensadores de agua con filtro:<\/h2>\t\t\t\t<\/div>\n\t\t\t\t<\/div>\n\t\t\t\t<div class=\"elementor-element elementor-element-5562b4f elementor-widget elementor-widget-text-editor\" data-id=\"5562b4f\" data-element_type=\"widget\" data-e-type=\"widget\" data-widget_type=\"text-editor.default\">\n\t\t\t\t<div class=\"elementor-widget-container\">\n\t\t\t\t\t\t\t\t\t<ul><li><strong>Sabe mejor que el agua del grifo<br \/><\/strong>Algunas personas se piensan que el agua no tiene sabor, quiz\u00e1s es porque no han probado una agua bien filtrada de alta calidad y pura. Cuanto mejor sea el sabor del agua mejor ser\u00e1 el sabor de los elementos con los que se mezcle, como por ejemplo el t\u00e9 o el caf\u00e9.<\/li><li><strong>Hace que bebamos m\u00e1s agua<br \/><\/strong>El 90% de las personas que tienen un dispensador de agua aseguran que beben m\u00e1s agua por su facilidad de uso. Todos sabemos que deber\u00edamos beber m\u00e1s agua, pero siempre nos cuesta porque no est\u00e1 fria, no esta buena, no tenemos un acceso a ella f\u00e1cil&#8230; Todo es m\u00e1s f\u00e1cil cuando tienes agua purificada caliente o fr\u00eda de gran sabor.<\/li><li><strong>Ahorrar\u00e1s dinero<\/strong><br \/>Si compras mucha agua embotellada, deber\u00eda resultar m\u00e1s barato tener un purificador de agua en un dispensador de agua filtrada. A un precio m\u00e1s o menos de 40\u20ac, obtienes toda el agua filtrada y purificada que necesite el hogar. Cuanto m\u00e1s agua bebas, m\u00e1s econ\u00f3mico y mayor ahorro tendr\u00e1s.<\/li><li><strong>Se adapta a tazas, jarras, botellas y vasos.<\/strong><br \/>Los dispensador de agua filtrada tienen en la gran mayor\u00eda de modelos espacio suficiente para poder colocar cualquier recipiente para su llenado sin ning\u00fan tipo de problema. A diferencia de los<a href=\"https:\/\/filtratuagua.es\/en\/\"> filtros de agua para grifo<\/a>, que a veces no tienes suficiente espacio en e fregadero para introducir una botella o un recipiente de mayor tama\u00f1o<\/li><\/ul>\t\t\t\t\t\t\t\t<\/div>\n\t\t\t\t<\/div>\n\t\t\t\t\t<\/div>\n\t\t<\/div>\n\t\t\t\t\t<\/div>\n\t\t<\/section>\n\t\t\t\t<section class=\"elementor-section elementor-top-section elementor-element elementor-element-cf02aa1 oferta elementor-section-boxed elementor-section-height-default elementor-section-height-default\" data-id=\"cf02aa1\" data-element_type=\"section\" data-e-type=\"section\">\n\t\t\t\t\t\t<div class=\"elementor-container elementor-column-gap-default\">\n\t\t\t\t\t<div class=\"elementor-column elementor-col-100 elementor-top-column elementor-element elementor-element-a9f4327\" data-id=\"a9f4327\" data-element_type=\"column\" data-e-type=\"column\">\n\t\t\t<div class=\"elementor-widget-wrap elementor-element-populated\">\n\t\t\t\t\t\t<div class=\"elementor-element elementor-element-3d78135 elementor-widget elementor-widget-heading\" data-id=\"3d78135\" data-element_type=\"widget\" data-e-type=\"widget\" data-widget_type=\"heading.default\">\n\t\t\t\t<div class=\"elementor-widget-container\">\n\t\t\t\t\t<h2 class=\"elementor-heading-title elementor-size-default\">\u00a1MEJOR OFERTA!<\/h2>\t\t\t\t<\/div>\n\t\t\t\t<\/div>\n\t\t\t\t<section class=\"elementor-section elementor-inner-section elementor-element elementor-element-c97ee37 elementor-section-boxed elementor-section-height-default elementor-section-height-default\" data-id=\"c97ee37\" data-element_type=\"section\" data-e-type=\"section\">\n\t\t\t\t\t\t<div class=\"elementor-container elementor-column-gap-default\">\n\t\t\t\t\t<div class=\"elementor-column elementor-col-50 elementor-inner-column elementor-element elementor-element-98a672d\" data-id=\"98a672d\" data-element_type=\"column\" data-e-type=\"column\">\n\t\t\t<div class=\"elementor-widget-wrap elementor-element-populated\">\n\t\t\t\t\t\t<div class=\"elementor-element elementor-element-d0dbf70 elementor-widget elementor-widget-image\" data-id=\"d0dbf70\" data-element_type=\"widget\" data-e-type=\"widget\" data-widget_type=\"image.default\">\n\t\t\t\t<div class=\"elementor-widget-container\">\n\t\t\t\t\t\t\t\t\t\t\t\t\t\t\t\t<a href=\"https:\/\/amzn.to\/36q7p4X\" rel=\"nofollow noopener\" target=\"_blank\">\n\t\t\t\t\t\t\t<img fetchpriority=\"high\" decoding=\"async\" width=\"788\" height=\"582\" src=\"https:\/\/filtratuagua.es\/wp-content\/uploads\/2021\/01\/Dispensador-de-agua-Brita.png\" class=\"attachment-large size-large wp-image-383\" alt=\"\" srcset=\"https:\/\/filtratuagua.es\/wp-content\/uploads\/2021\/01\/Dispensador-de-agua-Brita.png 788w, https:\/\/filtratuagua.es\/wp-content\/uploads\/2021\/01\/Dispensador-de-agua-Brita-655x484.png 655w, https:\/\/filtratuagua.es\/wp-content\/uploads\/2021\/01\/Dispensador-de-agua-Brita-300x222.png 300w, https:\/\/filtratuagua.es\/wp-content\/uploads\/2021\/01\/Dispensador-de-agua-Brita-768x567.png 768w\" sizes=\"(max-width: 788px) 100vw, 788px\" \/>\t\t\t\t\t\t\t\t<\/a>\n\t\t\t\t\t\t\t\t\t\t\t\t\t\t\t<\/div>\n\t\t\t\t<\/div>\n\t\t\t\t<div class=\"elementor-element elementor-element-b66a5df elementor-widget elementor-widget-text-editor\" data-id=\"b66a5df\" data-element_type=\"widget\" data-e-type=\"widget\" data-widget_type=\"text-editor.default\">\n\t\t\t\t<div class=\"elementor-widget-container\">\n\t\t\t\t\t\t\t\t\t<p><a href=\"https:\/\/amzn.to\/36q7p4X\" target=\"_blank\" rel=\"noopener\">34,99<\/a><\/p>\t\t\t\t\t\t\t\t<\/div>\n\t\t\t\t<\/div>\n\t\t\t\t\t<\/div>\n\t\t<\/div>\n\t\t\t\t<div class=\"elementor-column elementor-col-50 elementor-inner-column elementor-element elementor-element-33e942a\" data-id=\"33e942a\" data-element_type=\"column\" data-e-type=\"column\">\n\t\t\t<div class=\"elementor-widget-wrap elementor-element-populated\">\n\t\t\t\t\t\t<div class=\"elementor-element elementor-element-9db7743 elementor-widget elementor-widget-heading\" data-id=\"9db7743\" data-element_type=\"widget\" data-e-type=\"widget\" data-widget_type=\"heading.default\">\n\t\t\t\t<div class=\"elementor-widget-container\">\n\t\t\t\t\t<h3 class=\"elementor-heading-title elementor-size-default\">BRITA dep\u00f3sito Flow \u2013 Dispensador de Agua filtrada con 1 cartucho gratuito<\/h3>\t\t\t\t<\/div>\n\t\t\t\t<\/div>\n\t\t\t\t<div class=\"elementor-element elementor-element-31b2993 elementor-widget elementor-widget-text-editor\" data-id=\"31b2993\" data-element_type=\"widget\" data-e-type=\"widget\" data-widget_type=\"text-editor.default\">\n\t\t\t\t<div class=\"elementor-widget-container\">\n\t\t\t\t\t\t\t\t\t<ul><li><span class=\"a-list-item\">Dispensador de agua con una capacidad de 8,2L. Ideal para tu hogar, despacho o oficina.<\/span><\/li><li><span class=\"a-list-item\">Incluye un filtro con tecnolog\u00eda MicroFlow MAXTRA+<\/span><\/li><li><span class=\"a-list-item\">Los dep\u00f3sitos de agua BRITA son f\u00e1ciles de llenar, disponen de un c\u00f3modo grifo dispensador y tienen un sistema electr\u00f3nico Memo que te recuerda cambiar el filtro cuando es necesario.<\/span><\/li><li><span class=\"a-list-item\">Dep\u00f3sito de agua filtrada c\u00f3modo y sencillo: la tapa del dispensador se retira f\u00e1cilmente para que se pueda rellenar de forma r\u00e1pida y senzilla \/ Tambi\u00e9n es posible limpiarla en el lavavajillas hasta 50\u00b0C<\/span><\/li><li><span class=\"a-list-item\">Sostenible: es la mejor alternativa para reducir los envases de pl\u00e1stico, ya que no necesitar\u00e1s comprar nunca m\u00e1s agua embotellada.<\/span><\/li><\/ul>\t\t\t\t\t\t\t\t<\/div>\n\t\t\t\t<\/div>\n\t\t\t\t<div class=\"elementor-element elementor-element-1c17396 elementor-widget elementor-widget-button\" data-id=\"1c17396\" data-element_type=\"widget\" data-e-type=\"widget\" data-widget_type=\"button.default\">\n\t\t\t\t<div class=\"elementor-widget-container\">\n\t\t\t\t\t\t\t\t\t<div class=\"elementor-button-wrapper\">\n\t\t\t\t\t<a class=\"elementor-button elementor-button-link elementor-size-sm\" href=\"https:\/\/amzn.to\/36q7p4X\" rel=\"nofollow noopener\" target=\"_blank\">\n\t\t\t\t\t\t<span class=\"elementor-button-content-wrapper\">\n\t\t\t\t\t\t<span class=\"elementor-button-icon\">\n\t\t\t\t<i aria-hidden=\"true\" class=\"fab fa-amazon\"><\/i>\t\t\t<\/span>\n\t\t\t\t\t\t\t\t\t<span class=\"elementor-button-text\">Ver producto<\/span>\n\t\t\t\t\t<\/span>\n\t\t\t\t\t<\/a>\n\t\t\t\t<\/div>\n\t\t\t\t\t\t\t\t<\/div>\n\t\t\t\t<\/div>\n\t\t\t\t\t<\/div>\n\t\t<\/div>\n\t\t\t\t\t<\/div>\n\t\t<\/section>\n\t\t\t\t\t<\/div>\n\t\t<\/div>\n\t\t\t\t\t<\/div>\n\t\t<\/section>\n\t\t\t\t<\/div>","protected":false},"excerpt":{"rendered":"<p>Si no quieres andar rellenando jarras de agua filtrada con capacidades peque\u00f1as (que van de 1L a 2L) te recomendamos los dispensadores de agua con filtro, para tener un mejor sabor y olor al consumirla y la comodidad de no tener que rellenarla tan a menudo. Los dispensadores de agua filtrada son ideales en sitios [&hellip;]<\/p>","protected":false},"author":1,"featured_media":0,"parent":0,"menu_order":0,"comment_status":"closed","ping_status":"closed","template":"","meta":{"_acf_changed":false,"footnotes":""},"class_list":["post-28","page","type-page","status-publish","hentry"],"acf":[],"_links":{"self":[{"href":"https:\/\/filtratuagua.es\/en\/wp-json\/wp\/v2\/pages\/28","targetHints":{"allow":["GET"]}}],"collection":[{"href":"https:\/\/filtratuagua.es\/en\/wp-json\/wp\/v2\/pages"}],"about":[{"href":"https:\/\/filtratuagua.es\/en\/wp-json\/wp\/v2\/types\/page"}],"author":[{"embeddable":true,"href":"https:\/\/filtratuagua.es\/en\/wp-json\/wp\/v2\/users\/1"}],"replies":[{"embeddable":true,"href":"https:\/\/filtratuagua.es\/en\/wp-json\/wp\/v2\/comments?post=28"}],"version-history":[{"count":0,"href":"https:\/\/filtratuagua.es\/en\/wp-json\/wp\/v2\/pages\/28\/revisions"}],"wp:attachment":[{"href":"https:\/\/filtratuagua.es\/en\/wp-json\/wp\/v2\/media?parent=28"}],"curies":[{"name":"wp","href":"https:\/\/api.w.org\/{rel}","templated":true}]}}