{"id":1567,"date":"2025-07-02T16:49:32","date_gmt":"2025-07-02T14:49:32","guid":{"rendered":"https:\/\/filtratuagua.es\/producto\/jarra-filtradora-de-agua-klar-water-35l-elimina-fluor-pfas-microplasticos-y-alcaliniza-el-agua\/"},"modified":"2026-02-04T13:48:23","modified_gmt":"2026-02-04T12:48:23","slug":"jarra-filtradora-de-agua-klar-water-35l-elimina-fluor-pfas-microplasticos-y-alcaliniza-el-agua","status":"publish","type":"product","link":"https:\/\/filtratuagua.es\/en\/product\/jarra-filtradora-de-agua-klar-water-35l-elimina-fluor-pfas-microplasticos-y-alcaliniza-el-agua\/","title":{"rendered":"Jarra Filtradora de Agua Klar Water 3,5L \u2013 Elimina Fl\u00faor, PFAS, Micropl\u00e1sticos y Alcaliniza el Agua"},"content":{"rendered":"","protected":false},"excerpt":{"rendered":"<p>Descubre la forma m\u00e1s eficaz y saludable de mejorar la calidad del agua que consumes cada d\u00eda con la jarra filtradora de agua Klar Water. Esta jarra purificadora con capacidad de 3,5 litros ha sido dise\u00f1ada para ofrecerte agua m\u00e1s limpia, segura y con un pH equilibrado. Gracias a su avanzado sistema de filtraci\u00f3n, elimina hasta el 95% del fl\u00faor, adem\u00e1s de sustancias nocivas como PFOA, PFAS, plomo y micropl\u00e1sticos, tanto en agua del grifo como en agua embotellada, lo que te permite disfrutar de un agua m\u00e1s pura sin depender del tipo de fuente que uses. <\/p>\n<p>Su filtro de larga duraci\u00f3n te ofrece un rendimiento \u00f3ptimo de hasta 60 d\u00edas o 350 litros, con una filtraci\u00f3n r\u00e1pida y eficaz para toda la familia. Klar Water tambi\u00e9n apuesta por tu salud utilizando materiales libres de BPA y ftalatos, garantizando que el agua que bebes no solo est\u00e9 libre de contaminantes, sino que adem\u00e1s no se vea afectada por sustancias pl\u00e1sticas t\u00f3xicas. Otro de sus beneficios destacados es que alcaliniza el agua, ayudando a equilibrar el pH de tu cuerpo de manera natural. Mejora tu bienestar y el sabor del agua con una soluci\u00f3n sostenible, saludable y pr\u00e1ctica. Ideal para el hogar y el trabajo.<\/p>\n<table>\n<tr>\n<th>Caracter\u00edstica<\/th>\n<th>Descripci\u00f3n<\/th>\n<\/tr>\n<tr>\n<td>Capacidad<\/td>\n<td>3,5 litros<\/td>\n<\/tr>\n<tr>\n<td>Filtraci\u00f3n de fl\u00faor<\/td>\n<td>Elimina hasta el 95% del fl\u00faor<\/td>\n<\/tr>\n<tr>\n<td>Contaminantes eliminados<\/td>\n<td>PFOA, PFAS, plomo, micropl\u00e1sticos<\/td>\n<\/tr>\n<tr>\n<td>Tipo de agua compatible<\/td>\n<td>Grifo y embotellada<\/td>\n<\/tr>\n<tr>\n<td>Materiales<\/td>\n<td>Sin BPA ni ftalatos<\/td>\n<\/tr>\n<tr>\n<td>Duraci\u00f3n del filtro<\/td>\n<td>60 d\u00edas o 350 litros<\/td>\n<\/tr>\n<tr>\n<td>Funci\u00f3n alcalinizadora<\/td>\n<td>Alcaliniza el pH del agua<\/td>\n<\/tr>\n<tr>\n<td>Origen de testado<\/td>\n<td>Independientemente testeada en Reino Unido<\/td>\n<\/tr>\n<\/table>","protected":false},"featured_media":4730,"comment_status":"open","ping_status":"closed","template":"","meta":{"_acf_changed":false},"product_brand":[],"product_cat":[59],"product_tag":[],"class_list":{"0":"post-1567","1":"product","2":"type-product","3":"status-publish","4":"has-post-thumbnail","6":"product_cat-jarras-de-agua-con-filtro-purificador","8":"first","9":"instock","10":"shipping-taxable","11":"product-type-external"},"acf":[],"_links":{"self":[{"href":"https:\/\/filtratuagua.es\/en\/wp-json\/wp\/v2\/product\/1567","targetHints":{"allow":["GET"]}}],"collection":[{"href":"https:\/\/filtratuagua.es\/en\/wp-json\/wp\/v2\/product"}],"about":[{"href":"https:\/\/filtratuagua.es\/en\/wp-json\/wp\/v2\/types\/product"}],"replies":[{"embeddable":true,"href":"https:\/\/filtratuagua.es\/en\/wp-json\/wp\/v2\/comments?post=1567"}],"wp:featuredmedia":[{"embeddable":true,"href":"https:\/\/filtratuagua.es\/en\/wp-json\/wp\/v2\/media\/4730"}],"wp:attachment":[{"href":"https:\/\/filtratuagua.es\/en\/wp-json\/wp\/v2\/media?parent=1567"}],"wp:term":[{"taxonomy":"product_brand","embeddable":true,"href":"https:\/\/filtratuagua.es\/en\/wp-json\/wp\/v2\/product_brand?post=1567"},{"taxonomy":"product_cat","embeddable":true,"href":"https:\/\/filtratuagua.es\/en\/wp-json\/wp\/v2\/product_cat?post=1567"},{"taxonomy":"product_tag","embeddable":true,"href":"https:\/\/filtratuagua.es\/en\/wp-json\/wp\/v2\/product_tag?post=1567"}],"curies":[{"name":"wp","href":"https:\/\/api.w.org\/{rel}","templated":true}]}}