{"id":1869,"date":"2025-07-03T07:11:32","date_gmt":"2025-07-03T05:11:32","guid":{"rendered":"https:\/\/filtratuagua.es\/producto\/brita-aluna-blanca-2-4l-con-cartucho-maxtra-pro-jarra-filtradora-de-agua-sin-bpa-adaptable-al-frigorifico-y-con-indicador-digital\/"},"modified":"2026-02-04T13:48:03","modified_gmt":"2026-02-04T12:48:03","slug":"brita-aluna-blanca-2-4l-con-cartucho-maxtra-pro-jarra-filtradora-de-agua-sin-bpa-adaptable-al-frigorifico-y-con-indicador-digital","status":"publish","type":"product","link":"https:\/\/filtratuagua.es\/en\/product\/brita-aluna-blanca-2-4l-con-cartucho-maxtra-pro-jarra-filtradora-de-agua-sin-bpa-adaptable-al-frigorifico-y-con-indicador-digital\/","title":{"rendered":"BRITA Aluna Blanca 2.4L con Cartucho MAXTRA PRO \u2013 Jarra Filtradora de Agua sin BPA, Adaptable al Frigor\u00edfico y con Indicador Digital"},"content":{"rendered":"","protected":false},"excerpt":{"rendered":"<p>Mejora el sabor y la calidad de tu agua del grifo con la jarra filtradora BRITA Aluna blanca de 2,4 litros, dise\u00f1ada para ofrecer una soluci\u00f3n pr\u00e1ctica, ecol\u00f3gica y eficiente para el consumo diario de agua. Este modelo incluye un cartucho filtrante MAXTRA PRO ALL-IN-1 con tecnolog\u00eda de filtraci\u00f3n de 4 etapas que reduce de forma eficaz el cloro, la cal y otras impurezas que pueden alterar el sabor, olor y limpieza del agua del grifo. Tambi\u00e9n cuenta con una micro-malla innovadora que bloquea micropart\u00edculas superiores a 30 \u03bcm, asegurando un agua m\u00e1s pura para toda la familia.\u202f\u202f\u200d\u202f\u202f\u200b\u202f\u202f\u200b\u202f\u202f\u200b\u202f\u202f\u200b\u202f\u202f\u200b\u202f\u202f\u200b\u202f\u202f\u200b\u202f\u202f\u200b\u202f\u202f\u200b\u202f\u202f\u200b\u202f\u202f\u200b\u202f\u202f\u200b\u202f\u202f\u200b\u202f\u202f\u200b\u202f\u202f\u200b\u202f\u202f\u200b\u202f\u202f\u200b\u202f\u202f\u200b\u202f\u202f\u200b\u202f\u202f\u200b\u202f\u202f\u200b\u202f\u202f\u200b\u202f\u202f\u200b\u202f\u202f\u200b\u202f\u202f\u200b\u202f\u202f\u200b\u202f\u202f\u200b\u202f\u202f\u200b\u202f\u202f\u200b\u202f\u202f\u200b\u202f\u202f\u200b\u202f\u202f\u200b\u202f\u202f\u200b\u202f\u202f\u200b\u202f\u202f\u200b\u202f\u202f\u200b\u202f\u202f\u200b\u202f\u202f\u200b\u202f\u202f\u200b\u202f\u202f\u200b\u202f\u202f\u200b\u202f\u202f\u200b\u202f\u202f\u200b\u202f\u202f\u200b\u202f\u202f\u200b\u202f\u202f\u200b\u202f\u202f\u200b\u202f\u202f\u200b\u202f\u202f\u200b\u202f\u202f\u200b\u202f\u202f\u200b\u202f\u202f\u200b\u202f\u202f\u200b\u202f\u202f\u200b\u202f\u202f\u200b\u202f\u202f\u200b\u202f\u202f\u200b\u202f\u202f\u200b\u202f\u202f\u200b\u202f\u202f\u200b\u202f\u202f\u200b\u202f\u202f\u200b\u202f\u202f\u200b\u200b\u202f\u202f\u200b\u202f\u202f\u200b\u200b\u202f\u202f\u200b\u200b\u202f\u202f\u200b\u200b\u202f\u202f\u200b\u200b\u202f\u202f\u200b\u200b\u202f\u202f\u200b\u200b\u202f\u202f\u200b\u200b\u202f\u202f\u200b\u200b\u202f\u202f\u200b\u200b\u202f\u202f\u200b\u200b\u202f\u202f\u200b\u200b\u202f\u202f\u200b\u200b\u202f\u202f\u200b\u200b\u202f\u202f\u200b\u200b\u202f\u202f\u200b\u200b\u202f\u202f\u200b\u200b\u202f\u202f\u200b\u200b\u202f\u202f\u200b\u200b\u202f\u202f\u200b\u200b\u202f\u202f\u200b\u200b\u202f\u202f\u200b\u200b\u202f\u202f\u200b\u200b\u202f\u202f\u200b\u200b\u202f\u202f\u200b\u200b\u202f\u202f\u200b\u200b\u202f\u202f\u200b\u202f\u202f\u200b\u202f\u202f\u200b\u202f\u202f\u200b\u202f\u202f\u200b\u202f\u202f\u200b\u202f\u202f\u200b\u202f\u202f\u200b\u202f\u202f\u200b\u202f\u202f\u200b\u202f\u202f\u200b\u202f\u202f\u200b\u202f\u202f\u200b\u202f\u202f\u200b\u202f\u202f\u200b\u202f\u202f\u200b\u202f\u202f\u200b\u202f\u202f\u200b\u202f\u202f\u200b\u202f\u202f\u200b\u202f\u202f\u200b\u202f\u202f\u200b\u202f\u202f\u200b\u202f\u202f\u200b\u202f\u202f\u200b\u202f\u202f\u200b\u202f\u202f\u200b\u202f\u202f\u200b\u202f\u202f\u200b\u202f\u202f\u200b\u202f\u202f\u200b\u202f\u202f\u200b\u202f\u202f\u200b\u202f\u202f\u200b\u202f\u202f\u200b\u202f\u202f\u200b\u202f\u202f\u200b\u202f\u202f\u200b\u202f\u202f\u200b\u202f\u202f\u200b\u202f\u202f\u200b\u202f\u202f\u200b\u202f\u202f\u200b\u202f\u202f\u200b\u202f\u202f\u200b\u202f\u202f\u200b\u202f\u202f\u200b\u202f\u202f\u200b\u202f\u202f\u200b\u202f\u202f\u200b\u202f\u202f\u200b\u202f\u202f\u200b\u202f\u202f\u200b\u202f\u202f\u200b\u202f\u202f\u200b\u202f\u202f\u200b\u202f\u202f\u200b\u202f\u202f\u200b\u202f\u202f\u200b\u202f\u202f\u200b\u202f\u202f\u200b\u202f\u202f\u200b\u202f\u202f\u200b\u202f\u202f\u200b\u202f\u202f\u200b\u202f\u202f\u200b\u202f\u202f\u200b\u202f\u202f\u200b\u202f\u202f\u200b\u202f\u202f\u200b\u202f\u202f\u200b\u202f\u202f\u200b\u202f\u202f\u200b\u202f\u202f\u200b\u202f\u202f\u200b\u202f\u202f\u200b\u200b\u202f\u202f\u200b\u202f\u202f\u200b\u200b\u202f\u202f\u200b\u200b\u202f\u202f\u200bEsta jarra es perfecta para el hogar moderno: su dise\u00f1o compacto la hace adaptable a la mayor\u00eda de puertas de frigor\u00edfico y su tapadera con pico integrado evita que el polvo contamine el agua filtrada. El indicador digital BRITA Memo memoriza el tiempo de uso del filtro y te avisa cu\u00e1ndo es momento de remplazarlo, garantizando siempre agua en \u00f3ptimas condiciones. Filtra hasta 150 litros de agua en 4 semanas, ahorr\u00e1ndote hasta 150 botellas de pl\u00e1stico y contribuyendo a reducir tu huella de carbono. Sin BPA y con dise\u00f1o alem\u00e1n de calidad superior desde 1966, BRITA Aluna es la elecci\u00f3n consciente para cuidar tu salud y el medio ambiente. Descubre tambi\u00e9n otras opciones XL si necesitas mayor capacidad.<\/p>\n<table>\n<tr>\n<th>Caracter\u00edsticas<\/th>\n<th>Detalles<\/th>\n<\/tr>\n<tr>\n<td>Modelo<\/td>\n<td>BRITA Aluna Blanca<\/td>\n<\/tr>\n<tr>\n<td>Capacidad total<\/td>\n<td>2,4 litros (1,4 L de agua filtrada)<\/td>\n<\/tr>\n<tr>\n<td>Cartucho incluido<\/td>\n<td>1x MAXTRA PRO ALL-IN-1<\/td>\n<\/tr>\n<tr>\n<td>Tecnolog\u00eda de filtrado<\/td>\n<td>Filtraci\u00f3n de 4 etapas con carb\u00f3n activado y perlas intercambiadoras de iones<\/td>\n<\/tr>\n<tr>\n<td>Rendimiento del filtro<\/td>\n<td>Hasta 150 litros en 4 semanas<\/td>\n<\/tr>\n<tr>\n<td>Indicador de reemplazo de filtro<\/td>\n<td>BRITA Memo digital<\/td>\n<\/tr>\n<tr>\n<td>Dise\u00f1o<\/td>\n<td>Compacto, adaptable a frigor\u00edficos est\u00e1ndar<\/td>\n<\/tr>\n<tr>\n<td>Material<\/td>\n<td>Sin BPA<\/td>\n<\/tr>\n<tr>\n<td>Accesorios incluidos<\/td>\n<td>1 jarra BRITA Aluna, 1 cartucho MAXTRA PRO<\/td>\n<\/tr>\n<tr>\n<td>Marca<\/td>\n<td>BRITA \u2013 Calidad alemana desde 1966<\/td>\n<\/tr>\n<\/table>","protected":false},"featured_media":4664,"comment_status":"open","ping_status":"closed","template":"","meta":{"_acf_changed":false},"product_brand":[],"product_cat":[59],"product_tag":[],"class_list":{"0":"post-1869","1":"product","2":"type-product","3":"status-publish","4":"has-post-thumbnail","6":"product_cat-jarras-de-agua-con-filtro-purificador","8":"first","9":"instock","10":"shipping-taxable","11":"product-type-external"},"acf":[],"_links":{"self":[{"href":"https:\/\/filtratuagua.es\/en\/wp-json\/wp\/v2\/product\/1869","targetHints":{"allow":["GET"]}}],"collection":[{"href":"https:\/\/filtratuagua.es\/en\/wp-json\/wp\/v2\/product"}],"about":[{"href":"https:\/\/filtratuagua.es\/en\/wp-json\/wp\/v2\/types\/product"}],"replies":[{"embeddable":true,"href":"https:\/\/filtratuagua.es\/en\/wp-json\/wp\/v2\/comments?post=1869"}],"wp:featuredmedia":[{"embeddable":true,"href":"https:\/\/filtratuagua.es\/en\/wp-json\/wp\/v2\/media\/4664"}],"wp:attachment":[{"href":"https:\/\/filtratuagua.es\/en\/wp-json\/wp\/v2\/media?parent=1869"}],"wp:term":[{"taxonomy":"product_brand","embeddable":true,"href":"https:\/\/filtratuagua.es\/en\/wp-json\/wp\/v2\/product_brand?post=1869"},{"taxonomy":"product_cat","embeddable":true,"href":"https:\/\/filtratuagua.es\/en\/wp-json\/wp\/v2\/product_cat?post=1869"},{"taxonomy":"product_tag","embeddable":true,"href":"https:\/\/filtratuagua.es\/en\/wp-json\/wp\/v2\/product_tag?post=1869"}],"curies":[{"name":"wp","href":"https:\/\/api.w.org\/{rel}","templated":true}]}}